{"id":321701,"date":"2024-04-27T12:35:21","date_gmt":"2024-04-27T10:35:21","guid":{"rendered":"https:\/\/www.pomoline.com\/web-pruebas\/producto\/cerradura-empotrada-inox-bombillo-pestillo-y-para-puerta-de-paso\/"},"modified":"2025-03-14T00:36:39","modified_gmt":"2025-03-13T23:36:39","slug":"serrure-encastree-inox-a-cylindre-a-condamnation-et-a-cle","status":"publish","type":"product","link":"https:\/\/www.pomoline.com\/fr\/produit\/serrure-encastree-inox-a-cylindre-a-condamnation-et-a-cle\/","title":{"rendered":"SERRURE ENCASTR\u00c9E INOX \u00c0 CYLINDRE, \u00c0 CONDAMNATION ET \u00c0 CL\u00c9"},"content":{"rendered":"<p>Serrures pour montage et encastrement dans les portes int\u00e9rieures en bois de la maison. Ce mod\u00e8le particulier est le MOD CERRADURA INOX serrure encastr\u00e9e inox \u00e0 cylindre, \u00e0 condamnation et \u00e0 cl\u00e9<\/p>\n","protected":false},"excerpt":{"rendered":"<p>Serrures pour montage et encastrement dans les portes int\u00e9rieures en bois de la maison. Ce mod\u00e8le particulier est le MOD CERRADURA INOX serrure encastr\u00e9e inox \u00e0 cylindre, \u00e0 condamnation et \u00e0 cl\u00e9<\/p>\n","protected":false},"featured_media":410587,"template":"","meta":{"_joinchat":[]},"product_brand":[],"product_cat":[5355,5357,1015],"product_tag":[],"class_list":{"0":"post-321701","1":"product","2":"type-product","3":"status-publish","4":"has-post-thumbnail","6":"product_cat-ofertas","7":"product_cat-ofertas-fr","8":"product_cat-poignees-de-porte","9":"pa_color-acier-inoxydable-poignees-boutons-pieds-meuble-portamanteaux-mur-porte","10":"pa_tendencia-rainures-porte-clavettes-verrous-charnieres","12":"first","13":"instock","14":"sale","15":"taxable","16":"shipping-taxable","17":"purchasable","18":"product-type-variable","19":"has-default-attributes","20":"wvs-archive-product-wrapper"},"_links":{"self":[{"href":"https:\/\/www.pomoline.com\/fr\/wp-json\/wp\/v2\/product\/321701","targetHints":{"allow":["GET"]}}],"collection":[{"href":"https:\/\/www.pomoline.com\/fr\/wp-json\/wp\/v2\/product"}],"about":[{"href":"https:\/\/www.pomoline.com\/fr\/wp-json\/wp\/v2\/types\/product"}],"wp:featuredmedia":[{"embeddable":true,"href":"https:\/\/www.pomoline.com\/fr\/wp-json\/wp\/v2\/media\/410587"}],"wp:attachment":[{"href":"https:\/\/www.pomoline.com\/fr\/wp-json\/wp\/v2\/media?parent=321701"}],"wp:term":[{"taxonomy":"product_brand","embeddable":true,"href":"https:\/\/www.pomoline.com\/fr\/wp-json\/wp\/v2\/product_brand?post=321701"},{"taxonomy":"product_cat","embeddable":true,"href":"https:\/\/www.pomoline.com\/fr\/wp-json\/wp\/v2\/product_cat?post=321701"},{"taxonomy":"product_tag","embeddable":true,"href":"https:\/\/www.pomoline.com\/fr\/wp-json\/wp\/v2\/product_tag?post=321701"}],"curies":[{"name":"wp","href":"https:\/\/api.w.org\/{rel}","templated":true}]}}