{"id":321721,"date":"2024-04-27T12:35:53","date_gmt":"2024-04-27T10:35:53","guid":{"rendered":"https:\/\/www.pomoline.com\/web-pruebas\/producto\/bocallave-redonda-52mm-acero-inox\/"},"modified":"2025-03-14T00:35:33","modified_gmt":"2025-03-13T23:35:33","slug":"trou-de-cle-rosace-50mm-rond-porte","status":"publish","type":"product","link":"https:\/\/www.pomoline.com\/fr\/produit\/trou-de-cle-rosace-50mm-rond-porte\/","title":{"rendered":"TROU DE CLE ROSACE 50MM ROND PORTE"},"content":{"rendered":"<p>Accessoires de porte tels que rosaces avec trou de serrure, boulons et tourillons pour le montage sur les portes \u00e0 c\u00f4t\u00e9 de nos poign\u00e9es. Ce mod\u00e8le particulier est le MOD BOCINOX REDONDO trou de cle rosace 50mm rond porte<\/p>\n","protected":false},"excerpt":{"rendered":"<p>Accessoires de porte tels que rosaces avec trou de serrure, boulons et tourillons pour le montage sur les portes \u00e0 c\u00f4t\u00e9 de nos poign\u00e9es. Ce mod\u00e8le particulier est le MOD BOCINOX REDONDO trou de cle rosace 50mm rond porte<\/p>\n","protected":false},"featured_media":410571,"template":"","meta":{"_joinchat":[]},"product_brand":[],"product_cat":[1015],"product_tag":[],"class_list":{"0":"post-321721","1":"product","2":"type-product","3":"status-publish","4":"has-post-thumbnail","6":"product_cat-poignees-de-porte","7":"pa_color-acier-inoxydable-poignees-boutons-pieds-meuble-portamanteaux-mur-porte","8":"pa_tendencia-rainures-porte-clavettes-verrous-charnieres","10":"first","11":"instock","12":"taxable","13":"shipping-taxable","14":"purchasable","15":"product-type-variable","16":"has-default-attributes","17":"wvs-archive-product-wrapper"},"_links":{"self":[{"href":"https:\/\/www.pomoline.com\/fr\/wp-json\/wp\/v2\/product\/321721","targetHints":{"allow":["GET"]}}],"collection":[{"href":"https:\/\/www.pomoline.com\/fr\/wp-json\/wp\/v2\/product"}],"about":[{"href":"https:\/\/www.pomoline.com\/fr\/wp-json\/wp\/v2\/types\/product"}],"wp:featuredmedia":[{"embeddable":true,"href":"https:\/\/www.pomoline.com\/fr\/wp-json\/wp\/v2\/media\/410571"}],"wp:attachment":[{"href":"https:\/\/www.pomoline.com\/fr\/wp-json\/wp\/v2\/media?parent=321721"}],"wp:term":[{"taxonomy":"product_brand","embeddable":true,"href":"https:\/\/www.pomoline.com\/fr\/wp-json\/wp\/v2\/product_brand?post=321721"},{"taxonomy":"product_cat","embeddable":true,"href":"https:\/\/www.pomoline.com\/fr\/wp-json\/wp\/v2\/product_cat?post=321721"},{"taxonomy":"product_tag","embeddable":true,"href":"https:\/\/www.pomoline.com\/fr\/wp-json\/wp\/v2\/product_tag?post=321721"}],"curies":[{"name":"wp","href":"https:\/\/api.w.org\/{rel}","templated":true}]}}