{"id":321737,"date":"2024-04-27T12:36:27","date_gmt":"2024-04-27T10:36:27","guid":{"rendered":"https:\/\/www.pomoline.com\/web-pruebas\/producto\/bocallave-roseta-cuadrada-de-55mm-acabado-niquel-satinado-de-zamac\/"},"modified":"2025-03-14T00:34:28","modified_gmt":"2025-03-13T23:34:28","slug":"trou-de-cle-rosace-carree-de-55mm-finition-nickel-satine-en-zamak","status":"publish","type":"product","link":"https:\/\/www.pomoline.com\/fr\/produit\/trou-de-cle-rosace-carree-de-55mm-finition-nickel-satine-en-zamak\/","title":{"rendered":"TROU DE CL\u00c9 ROSACE CARR\u00c9E DE 55MM. FINITION NICKEL SATIN\u00c9. EN ZAMAK"},"content":{"rendered":"<p>Accessoires de porte tels que rosaces avec trou de serrure, boulons et tourillons pour le montage sur les portes \u00e0 c\u00f4t\u00e9 de nos poign\u00e9es. Ce mod\u00e8le particulier est le MOD BOC926 trou de cl\u00e9 rosace carr\u00e9e de 55mm. finition nickel satin\u00e9. en zamak<\/p>\n","protected":false},"excerpt":{"rendered":"<p>Accessoires de porte tels que rosaces avec trou de serrure, boulons et tourillons pour le montage sur les portes \u00e0 c\u00f4t\u00e9 de nos poign\u00e9es. Ce mod\u00e8le particulier est le MOD BOC926 trou de cl\u00e9 rosace carr\u00e9e de 55mm. finition nickel satin\u00e9. en zamak<\/p>\n","protected":false},"featured_media":410555,"template":"","meta":{"_joinchat":[]},"product_brand":[],"product_cat":[1015],"product_tag":[],"class_list":{"0":"post-321737","1":"product","2":"type-product","3":"status-publish","4":"has-post-thumbnail","6":"product_cat-poignees-de-porte","7":"pa_color-acier-inoxydable-poignees-boutons-pieds-meuble-portamanteaux-mur-porte","8":"pa_tendencia-rainures-porte-clavettes-verrous-charnieres","10":"first","11":"instock","12":"taxable","13":"shipping-taxable","14":"purchasable","15":"product-type-variable","16":"has-default-attributes","17":"wvs-archive-product-wrapper"},"_links":{"self":[{"href":"https:\/\/www.pomoline.com\/fr\/wp-json\/wp\/v2\/product\/321737","targetHints":{"allow":["GET"]}}],"collection":[{"href":"https:\/\/www.pomoline.com\/fr\/wp-json\/wp\/v2\/product"}],"about":[{"href":"https:\/\/www.pomoline.com\/fr\/wp-json\/wp\/v2\/types\/product"}],"wp:featuredmedia":[{"embeddable":true,"href":"https:\/\/www.pomoline.com\/fr\/wp-json\/wp\/v2\/media\/410555"}],"wp:attachment":[{"href":"https:\/\/www.pomoline.com\/fr\/wp-json\/wp\/v2\/media?parent=321737"}],"wp:term":[{"taxonomy":"product_brand","embeddable":true,"href":"https:\/\/www.pomoline.com\/fr\/wp-json\/wp\/v2\/product_brand?post=321737"},{"taxonomy":"product_cat","embeddable":true,"href":"https:\/\/www.pomoline.com\/fr\/wp-json\/wp\/v2\/product_cat?post=321737"},{"taxonomy":"product_tag","embeddable":true,"href":"https:\/\/www.pomoline.com\/fr\/wp-json\/wp\/v2\/product_tag?post=321737"}],"curies":[{"name":"wp","href":"https:\/\/api.w.org\/{rel}","templated":true}]}}