{"id":321749,"date":"2024-04-27T12:36:49","date_gmt":"2024-04-27T10:36:49","guid":{"rendered":"https:\/\/www.pomoline.com\/web-pruebas\/producto\/bocallave-roseta-redonda-de-50mm-acabado-cromo-satinado-laton\/"},"modified":"2025-03-14T00:33:37","modified_gmt":"2025-03-13T23:33:37","slug":"trou-de-cle-rosace-ronde-de-50mm-finition-chrome-satine-enlaiton","status":"publish","type":"product","link":"https:\/\/www.pomoline.com\/fr\/produit\/trou-de-cle-rosace-ronde-de-50mm-finition-chrome-satine-enlaiton\/","title":{"rendered":"TROU DE CL\u00c9 ROSACE RONDE DE 50MM. FINITION CHROME SATIN\u00c9 ENLAITON"},"content":{"rendered":"<p>Accessoires de porte tels que rosaces avec trou de serrure, boulons et tourillons pour le montage sur les portes \u00e0 c\u00f4t\u00e9 de nos poign\u00e9es. Ce mod\u00e8le particulier est le MOD BOC823 trou de cl\u00e9 rosace ronde de 50mm. finition chrome satin\u00e9 enlaiton<\/p>\n","protected":false},"excerpt":{"rendered":"<p>Accessoires de porte tels que rosaces avec trou de serrure, boulons et tourillons pour le montage sur les portes \u00e0 c\u00f4t\u00e9 de nos poign\u00e9es. Ce mod\u00e8le particulier est le MOD BOC823 trou de cl\u00e9 rosace ronde de 50mm. finition chrome satin\u00e9 enlaiton<\/p>\n","protected":false},"featured_media":410543,"template":"","meta":{"_joinchat":[]},"product_brand":[],"product_cat":[1015],"product_tag":[],"class_list":{"0":"post-321749","1":"product","2":"type-product","3":"status-publish","4":"has-post-thumbnail","6":"product_cat-poignees-de-porte","7":"pa_color-chrome-poignees-boutons-pieds-meuble-portamanteaux-mur-porte","8":"pa_color-or-poignees-boutons-pieds-meuble-portamanteaux-mur-porte","9":"pa_tendencia-rainures-porte-clavettes-verrous-charnieres","11":"first","12":"instock","13":"taxable","14":"shipping-taxable","15":"purchasable","16":"product-type-variable","17":"has-default-attributes","18":"wvs-archive-product-wrapper"},"_links":{"self":[{"href":"https:\/\/www.pomoline.com\/fr\/wp-json\/wp\/v2\/product\/321749","targetHints":{"allow":["GET"]}}],"collection":[{"href":"https:\/\/www.pomoline.com\/fr\/wp-json\/wp\/v2\/product"}],"about":[{"href":"https:\/\/www.pomoline.com\/fr\/wp-json\/wp\/v2\/types\/product"}],"wp:featuredmedia":[{"embeddable":true,"href":"https:\/\/www.pomoline.com\/fr\/wp-json\/wp\/v2\/media\/410543"}],"wp:attachment":[{"href":"https:\/\/www.pomoline.com\/fr\/wp-json\/wp\/v2\/media?parent=321749"}],"wp:term":[{"taxonomy":"product_brand","embeddable":true,"href":"https:\/\/www.pomoline.com\/fr\/wp-json\/wp\/v2\/product_brand?post=321749"},{"taxonomy":"product_cat","embeddable":true,"href":"https:\/\/www.pomoline.com\/fr\/wp-json\/wp\/v2\/product_cat?post=321749"},{"taxonomy":"product_tag","embeddable":true,"href":"https:\/\/www.pomoline.com\/fr\/wp-json\/wp\/v2\/product_tag?post=321749"}],"curies":[{"name":"wp","href":"https:\/\/api.w.org\/{rel}","templated":true}]}}