{"id":321773,"date":"2024-04-27T12:37:28","date_gmt":"2024-04-27T10:37:28","guid":{"rendered":"https:\/\/www.pomoline.com\/web-pruebas\/producto\/tirador-de-armario-en-laton-satinado-con-pomo-porcelana-crema\/"},"modified":"2025-03-14T00:31:56","modified_gmt":"2025-03-13T23:31:56","slug":"poignee-de-placard-en-laiton-satine-avec-bouton-en-porcelaine-creme","status":"publish","type":"product","link":"https:\/\/www.pomoline.com\/fr\/produit\/poignee-de-placard-en-laiton-satine-avec-bouton-en-porcelaine-creme\/","title":{"rendered":"POIGN\u00c9E DE PLACARD EN LAITON SATIN\u00c9 AVEC BOUTON EN PORCELAINE CR\u00c8ME"},"content":{"rendered":"<p>Poign\u00e9es pour porte d&rsquo;armoire et tiroir int\u00e9rieur avec tous les accessoires de montage n\u00e9cessaires et avec une tr\u00e8s bonne finition m\u00e9tallique. Ce mod\u00e8le particulier est le MOD AR-VALEN poign\u00e9e de placard en laiton satin\u00e9 avec bouton en porcelaine cr\u00e8me<\/p>\n","protected":false},"excerpt":{"rendered":"<p>Poign\u00e9es pour porte d&rsquo;armoire et tiroir int\u00e9rieur avec tous les accessoires de montage n\u00e9cessaires et avec une tr\u00e8s bonne finition m\u00e9tallique. Ce mod\u00e8le particulier est le MOD AR-VALEN poign\u00e9e de placard en laiton satin\u00e9 avec bouton en porcelaine cr\u00e8me<\/p>\n","protected":false},"featured_media":410519,"template":"","meta":{"_joinchat":[]},"product_brand":[],"product_cat":[5355,5357,1015],"product_tag":[],"class_list":{"0":"post-321773","1":"product","2":"type-product","3":"status-publish","4":"has-post-thumbnail","6":"product_cat-ofertas","7":"product_cat-ofertas-fr","8":"product_cat-poignees-de-porte","9":"pa_color-or-poignees-boutons-pieds-meuble-portamanteaux-mur-porte","10":"pa_tendencia-poignees-armoire","12":"first","13":"instock","14":"sale","15":"taxable","16":"shipping-taxable","17":"purchasable","18":"product-type-variable","19":"has-default-attributes","20":"wvs-archive-product-wrapper"},"_links":{"self":[{"href":"https:\/\/www.pomoline.com\/fr\/wp-json\/wp\/v2\/product\/321773","targetHints":{"allow":["GET"]}}],"collection":[{"href":"https:\/\/www.pomoline.com\/fr\/wp-json\/wp\/v2\/product"}],"about":[{"href":"https:\/\/www.pomoline.com\/fr\/wp-json\/wp\/v2\/types\/product"}],"wp:featuredmedia":[{"embeddable":true,"href":"https:\/\/www.pomoline.com\/fr\/wp-json\/wp\/v2\/media\/410519"}],"wp:attachment":[{"href":"https:\/\/www.pomoline.com\/fr\/wp-json\/wp\/v2\/media?parent=321773"}],"wp:term":[{"taxonomy":"product_brand","embeddable":true,"href":"https:\/\/www.pomoline.com\/fr\/wp-json\/wp\/v2\/product_brand?post=321773"},{"taxonomy":"product_cat","embeddable":true,"href":"https:\/\/www.pomoline.com\/fr\/wp-json\/wp\/v2\/product_cat?post=321773"},{"taxonomy":"product_tag","embeddable":true,"href":"https:\/\/www.pomoline.com\/fr\/wp-json\/wp\/v2\/product_tag?post=321773"}],"curies":[{"name":"wp","href":"https:\/\/api.w.org\/{rel}","templated":true}]}}