{"id":321801,"date":"2024-04-27T12:38:08","date_gmt":"2024-04-27T10:38:08","guid":{"rendered":"https:\/\/www.pomoline.com\/web-pruebas\/producto\/percha-individual-diseno-metal-cromado\/"},"modified":"2025-03-14T00:30:05","modified_gmt":"2025-03-13T23:30:05","slug":"mode-simple-portemanteu-chrome-metal","status":"publish","type":"product","link":"https:\/\/www.pomoline.com\/fr\/produit\/mode-simple-portemanteu-chrome-metal\/","title":{"rendered":"MODE SIMPLE PORTEMANTEU CHROM\u00c9 M\u00c9TAL"},"content":{"rendered":"<p>Crochets et agrafes en m\u00e9tal \u00e0 fixer au mur ou \u00e0 la porte au moyen des vis et des goujons inclus dans le sac. C&rsquo;est un cintre individuel qui supporte le poids et qui est tr\u00e8s beau. Ce mod\u00e8le particulier est le MOD 983 mode simple portemanteu chrom\u00e9 m\u00e9tal<\/p>\n","protected":false},"excerpt":{"rendered":"<p>Crochets et agrafes en m\u00e9tal \u00e0 fixer au mur ou \u00e0 la porte au moyen des vis et des goujons inclus dans le sac. C&rsquo;est un cintre individuel qui supporte le poids et qui est tr\u00e8s beau. Ce mod\u00e8le particulier est le MOD 983 mode simple portemanteu chrom\u00e9 m\u00e9tal<\/p>\n","protected":false},"featured_media":410491,"template":"","meta":{"_joinchat":[]},"product_brand":[],"product_cat":[1007],"product_tag":[],"class_list":{"0":"post-321801","1":"product","2":"type-product","3":"status-publish","4":"has-post-thumbnail","6":"product_cat-portemanteaux-muraux-patere-mural","7":"pa_color-noir-poignees-boutons-pieds-meuble-portamanteaux-mur-porte","8":"pa_color-blanc-poignees-boutons-pieds-meuble-portamanteaux-mur-porte","9":"pa_color-chrome-poignees-boutons-pieds-meuble-portamanteaux-mur-porte","10":"pa_tendencia-patere-crochet-mural","12":"first","13":"instock","14":"taxable","15":"shipping-taxable","16":"purchasable","17":"product-type-variable","18":"has-default-attributes","19":"wvs-archive-product-wrapper"},"_links":{"self":[{"href":"https:\/\/www.pomoline.com\/fr\/wp-json\/wp\/v2\/product\/321801","targetHints":{"allow":["GET"]}}],"collection":[{"href":"https:\/\/www.pomoline.com\/fr\/wp-json\/wp\/v2\/product"}],"about":[{"href":"https:\/\/www.pomoline.com\/fr\/wp-json\/wp\/v2\/types\/product"}],"wp:featuredmedia":[{"embeddable":true,"href":"https:\/\/www.pomoline.com\/fr\/wp-json\/wp\/v2\/media\/410491"}],"wp:attachment":[{"href":"https:\/\/www.pomoline.com\/fr\/wp-json\/wp\/v2\/media?parent=321801"}],"wp:term":[{"taxonomy":"product_brand","embeddable":true,"href":"https:\/\/www.pomoline.com\/fr\/wp-json\/wp\/v2\/product_brand?post=321801"},{"taxonomy":"product_cat","embeddable":true,"href":"https:\/\/www.pomoline.com\/fr\/wp-json\/wp\/v2\/product_cat?post=321801"},{"taxonomy":"product_tag","embeddable":true,"href":"https:\/\/www.pomoline.com\/fr\/wp-json\/wp\/v2\/product_tag?post=321801"}],"curies":[{"name":"wp","href":"https:\/\/api.w.org\/{rel}","templated":true}]}}