{"id":321809,"date":"2024-04-27T12:38:18","date_gmt":"2024-04-27T10:38:18","guid":{"rendered":"https:\/\/www.pomoline.com\/web-pruebas\/producto\/percha-pared-ganchos-dobles-hierro-forja-negra\/"},"modified":"2025-03-14T00:29:32","modified_gmt":"2025-03-13T23:29:32","slug":"porte-manteaux-mural-crochets-doubles-fer-noir","status":"publish","type":"product","link":"https:\/\/www.pomoline.com\/fr\/produit\/porte-manteaux-mural-crochets-doubles-fer-noir\/","title":{"rendered":"PORTE-MANTEAUX MURAL CROCHETS DOUBLES FER NOIR"},"content":{"rendered":"<p>Portemanteaux Pat\u00e8res et crochets pour montage mural. Fait de bois et de m\u00e9tal avec de tr\u00e8s jolis motifs classiques et modernes pour la d\u00e9coration de la maison. Ce mod\u00e8le particulier est le MOD 980 porte-manteaux mural crochets doubles fer noir<\/p>\n","protected":false},"excerpt":{"rendered":"<p>Portemanteaux Pat\u00e8res et crochets pour montage mural. Fait de bois et de m\u00e9tal avec de tr\u00e8s jolis motifs classiques et modernes pour la d\u00e9coration de la maison. Ce mod\u00e8le particulier est le MOD 980 porte-manteaux mural crochets doubles fer noir<\/p>\n","protected":false},"featured_media":410483,"template":"","meta":{"_joinchat":[]},"product_brand":[],"product_cat":[5355,5357,1007],"product_tag":[],"class_list":{"0":"post-321809","1":"product","2":"type-product","3":"status-publish","4":"has-post-thumbnail","6":"product_cat-ofertas","7":"product_cat-ofertas-fr","8":"product_cat-portemanteaux-muraux-patere-mural","9":"pa_color-noir-poignees-boutons-pieds-meuble-portamanteaux-mur-porte","10":"pa_tendencia-portemanteaux-classique-mural-maison-decoration","12":"first","13":"instock","14":"sale","15":"taxable","16":"shipping-taxable","17":"purchasable","18":"product-type-variable","19":"has-default-attributes","20":"wvs-archive-product-wrapper"},"_links":{"self":[{"href":"https:\/\/www.pomoline.com\/fr\/wp-json\/wp\/v2\/product\/321809","targetHints":{"allow":["GET"]}}],"collection":[{"href":"https:\/\/www.pomoline.com\/fr\/wp-json\/wp\/v2\/product"}],"about":[{"href":"https:\/\/www.pomoline.com\/fr\/wp-json\/wp\/v2\/types\/product"}],"wp:featuredmedia":[{"embeddable":true,"href":"https:\/\/www.pomoline.com\/fr\/wp-json\/wp\/v2\/media\/410483"}],"wp:attachment":[{"href":"https:\/\/www.pomoline.com\/fr\/wp-json\/wp\/v2\/media?parent=321809"}],"wp:term":[{"taxonomy":"product_brand","embeddable":true,"href":"https:\/\/www.pomoline.com\/fr\/wp-json\/wp\/v2\/product_brand?post=321809"},{"taxonomy":"product_cat","embeddable":true,"href":"https:\/\/www.pomoline.com\/fr\/wp-json\/wp\/v2\/product_cat?post=321809"},{"taxonomy":"product_tag","embeddable":true,"href":"https:\/\/www.pomoline.com\/fr\/wp-json\/wp\/v2\/product_tag?post=321809"}],"curies":[{"name":"wp","href":"https:\/\/api.w.org\/{rel}","templated":true}]}}