{"id":321813,"date":"2024-04-27T12:38:22","date_gmt":"2024-04-27T10:38:22","guid":{"rendered":"https:\/\/www.pomoline.com\/web-pruebas\/producto\/alzapanos-individual-forja-negra\/"},"modified":"2025-03-14T00:29:15","modified_gmt":"2025-03-13T23:29:15","slug":"crochet-simple-noir-forge-mural","status":"publish","type":"product","link":"https:\/\/www.pomoline.com\/fr\/produit\/crochet-simple-noir-forge-mural\/","title":{"rendered":"CROCHET SIMPLE NOIR-FORGE MURAL"},"content":{"rendered":"<p>Crochets et agrafes en m\u00e9tal \u00e0 fixer au mur ou \u00e0 la porte au moyen des vis et des goujons inclus dans le sac. C&rsquo;est un cintre individuel qui supporte le poids et qui est tr\u00e8s beau. Ce mod\u00e8le particulier est le MOD 979 crochet simple noir-forge mural<\/p>\n","protected":false},"excerpt":{"rendered":"<p>Crochets et agrafes en m\u00e9tal \u00e0 fixer au mur ou \u00e0 la porte au moyen des vis et des goujons inclus dans le sac. C&rsquo;est un cintre individuel qui supporte le poids et qui est tr\u00e8s beau. Ce mod\u00e8le particulier est le MOD 979 crochet simple noir-forge mural<\/p>\n","protected":false},"featured_media":410479,"template":"","meta":{"_joinchat":[]},"product_brand":[],"product_cat":[1007],"product_tag":[],"class_list":{"0":"post-321813","1":"product","2":"type-product","3":"status-publish","4":"has-post-thumbnail","6":"product_cat-portemanteaux-muraux-patere-mural","7":"pa_color-noir-poignees-boutons-pieds-meuble-portamanteaux-mur-porte","8":"pa_tendencia-patere-crochet-mural","10":"first","11":"instock","12":"taxable","13":"shipping-taxable","14":"purchasable","15":"product-type-variable","16":"has-default-attributes","17":"wvs-archive-product-wrapper"},"_links":{"self":[{"href":"https:\/\/www.pomoline.com\/fr\/wp-json\/wp\/v2\/product\/321813","targetHints":{"allow":["GET"]}}],"collection":[{"href":"https:\/\/www.pomoline.com\/fr\/wp-json\/wp\/v2\/product"}],"about":[{"href":"https:\/\/www.pomoline.com\/fr\/wp-json\/wp\/v2\/types\/product"}],"wp:featuredmedia":[{"embeddable":true,"href":"https:\/\/www.pomoline.com\/fr\/wp-json\/wp\/v2\/media\/410479"}],"wp:attachment":[{"href":"https:\/\/www.pomoline.com\/fr\/wp-json\/wp\/v2\/media?parent=321813"}],"wp:term":[{"taxonomy":"product_brand","embeddable":true,"href":"https:\/\/www.pomoline.com\/fr\/wp-json\/wp\/v2\/product_brand?post=321813"},{"taxonomy":"product_cat","embeddable":true,"href":"https:\/\/www.pomoline.com\/fr\/wp-json\/wp\/v2\/product_cat?post=321813"},{"taxonomy":"product_tag","embeddable":true,"href":"https:\/\/www.pomoline.com\/fr\/wp-json\/wp\/v2\/product_tag?post=321813"}],"curies":[{"name":"wp","href":"https:\/\/api.w.org\/{rel}","templated":true}]}}