{"id":321837,"date":"2024-04-27T12:39:00","date_gmt":"2024-04-27T10:39:00","guid":{"rendered":"https:\/\/www.pomoline.com\/web-pruebas\/producto\/gancho-puerta-con-pomo-serigraf-ropa-bebe-perchero-infantil\/"},"modified":"2025-03-14T00:27:36","modified_gmt":"2025-03-13T23:27:36","slug":"porte-manteau-serigrafie-body-couleur-bebe-enfant-bebe-portemanteaux","status":"publish","type":"product","link":"https:\/\/www.pomoline.com\/fr\/produit\/porte-manteau-serigrafie-body-couleur-bebe-enfant-bebe-portemanteaux\/","title":{"rendered":"PORTE-MANTEAU S\u00c9RIGRAFI\u00c9 BODY COULEUR B\u00c9B\u00c9 | ENFANT B\u00c9B\u00c9 PORTEMANTEAUX"},"content":{"rendered":"<p>Cintres et crochets sur porte id\u00e9aux pour la porte int\u00e9rieure de la salle de bain ou de la chambre des enfants. Ce mod\u00e8le sp\u00e9cifique est le crochet de porte MOD 943F5 avec s\u00e9rigraphie v\u00eatements pour b\u00e9b\u00e9 | portemanteau pour enfants<\/p>\n","protected":false},"excerpt":{"rendered":"<p>Cintres et crochets sur porte id\u00e9aux pour la porte int\u00e9rieure de la salle de bain ou de la chambre des enfants. Ce mod\u00e8le sp\u00e9cifique est le crochet de porte MOD 943F5 avec s\u00e9rigraphie v\u00eatements pour b\u00e9b\u00e9 | portemanteau pour enfants<\/p>\n","protected":false},"featured_media":410455,"template":"","meta":{"_joinchat":[]},"product_brand":[],"product_cat":[5185],"product_tag":[],"class_list":{"0":"post-321837","1":"product","2":"type-product","3":"status-publish","4":"has-post-thumbnail","6":"product_cat-porte-manteaux-cintres-au-dessus-de-porte","7":"pa_color-bleu-clair-poignees-boutons-pieds-meuble-portamanteaux-mur-porte","8":"pa_color-rose-poignees-boutons-pieds-meuble-portamanteaux-mur-porte","9":"pa_tendencia-portemanteu-sur-porte-pour-enfants","11":"first","12":"instock","13":"taxable","14":"shipping-taxable","15":"purchasable","16":"product-type-variable","17":"has-default-attributes","18":"wvs-archive-product-wrapper"},"_links":{"self":[{"href":"https:\/\/www.pomoline.com\/fr\/wp-json\/wp\/v2\/product\/321837","targetHints":{"allow":["GET"]}}],"collection":[{"href":"https:\/\/www.pomoline.com\/fr\/wp-json\/wp\/v2\/product"}],"about":[{"href":"https:\/\/www.pomoline.com\/fr\/wp-json\/wp\/v2\/types\/product"}],"wp:featuredmedia":[{"embeddable":true,"href":"https:\/\/www.pomoline.com\/fr\/wp-json\/wp\/v2\/media\/410455"}],"wp:attachment":[{"href":"https:\/\/www.pomoline.com\/fr\/wp-json\/wp\/v2\/media?parent=321837"}],"wp:term":[{"taxonomy":"product_brand","embeddable":true,"href":"https:\/\/www.pomoline.com\/fr\/wp-json\/wp\/v2\/product_brand?post=321837"},{"taxonomy":"product_cat","embeddable":true,"href":"https:\/\/www.pomoline.com\/fr\/wp-json\/wp\/v2\/product_cat?post=321837"},{"taxonomy":"product_tag","embeddable":true,"href":"https:\/\/www.pomoline.com\/fr\/wp-json\/wp\/v2\/product_tag?post=321837"}],"curies":[{"name":"wp","href":"https:\/\/api.w.org\/{rel}","templated":true}]}}