{"id":321841,"date":"2024-04-27T12:39:06","date_gmt":"2024-04-27T10:39:06","guid":{"rendered":"https:\/\/www.pomoline.com\/web-pruebas\/producto\/gancho-puerta-con-pomo-serigraf-animales-perchero-infantil\/"},"modified":"2025-03-14T00:27:20","modified_gmt":"2025-03-13T23:27:20","slug":"porte-manteau-serigrafie-zebre-magenta-enfant-bebe-portemanteaux","status":"publish","type":"product","link":"https:\/\/www.pomoline.com\/fr\/produit\/porte-manteau-serigrafie-zebre-magenta-enfant-bebe-portemanteaux\/","title":{"rendered":"PORTE-MANTEAU S\u00c9RIGRAFI\u00c9 Z\u00c8BRE MAGENTA | ENFANT B\u00c9B\u00c9 PORTEMANTEAUX"},"content":{"rendered":"<p>Portemanteaux Pat\u00e8res et crochet \u00e0 la porte id\u00e9al pour la porte int\u00e9rieure de la salle de bain ou de la chambre des enfants. Ce mod\u00e8le particulier est le MOD 943F4 porte-manteau s\u00e9rigrafi\u00e9 z\u00e8bre magenta | enfant b\u00e9b\u00e9 portemanteaux<\/p>\n","protected":false},"excerpt":{"rendered":"<p>Portemanteaux Pat\u00e8res et crochet \u00e0 la porte id\u00e9al pour la porte int\u00e9rieure de la salle de bain ou de la chambre des enfants. Ce mod\u00e8le particulier est le MOD 943F4 porte-manteau s\u00e9rigrafi\u00e9 z\u00e8bre magenta | enfant b\u00e9b\u00e9 portemanteaux<\/p>\n","protected":false},"featured_media":410451,"template":"","meta":{"_joinchat":[]},"product_brand":[],"product_cat":[5185],"product_tag":[],"class_list":{"0":"post-321841","1":"product","2":"type-product","3":"status-publish","4":"has-post-thumbnail","6":"product_cat-porte-manteaux-cintres-au-dessus-de-porte","7":"pa_color-bleu-clair-poignees-boutons-pieds-meuble-portamanteaux-mur-porte","8":"pa_color-magenta-poignees-boutons-pieds-meuble-portamanteaux-mur-porte","9":"pa_color-orange-poignees-boutons-pieds-meuble-portamanteaux-mur-porte","10":"pa_color-rose-poignees-boutons-pieds-meuble-portamanteaux-mur-porte","11":"pa_tendencia-portemanteu-sur-porte-pour-enfants","13":"first","14":"instock","15":"taxable","16":"shipping-taxable","17":"purchasable","18":"product-type-variable","19":"has-default-attributes","20":"wvs-archive-product-wrapper"},"_links":{"self":[{"href":"https:\/\/www.pomoline.com\/fr\/wp-json\/wp\/v2\/product\/321841","targetHints":{"allow":["GET"]}}],"collection":[{"href":"https:\/\/www.pomoline.com\/fr\/wp-json\/wp\/v2\/product"}],"about":[{"href":"https:\/\/www.pomoline.com\/fr\/wp-json\/wp\/v2\/types\/product"}],"wp:featuredmedia":[{"embeddable":true,"href":"https:\/\/www.pomoline.com\/fr\/wp-json\/wp\/v2\/media\/410451"}],"wp:attachment":[{"href":"https:\/\/www.pomoline.com\/fr\/wp-json\/wp\/v2\/media?parent=321841"}],"wp:term":[{"taxonomy":"product_brand","embeddable":true,"href":"https:\/\/www.pomoline.com\/fr\/wp-json\/wp\/v2\/product_brand?post=321841"},{"taxonomy":"product_cat","embeddable":true,"href":"https:\/\/www.pomoline.com\/fr\/wp-json\/wp\/v2\/product_cat?post=321841"},{"taxonomy":"product_tag","embeddable":true,"href":"https:\/\/www.pomoline.com\/fr\/wp-json\/wp\/v2\/product_tag?post=321841"}],"curies":[{"name":"wp","href":"https:\/\/api.w.org\/{rel}","templated":true}]}}