{"id":321845,"date":"2024-04-27T12:39:11","date_gmt":"2024-04-27T10:39:11","guid":{"rendered":"https:\/\/www.pomoline.com\/web-pruebas\/producto\/gancho-puerta-con-pomo-serigraf-flores-perchero-infantil\/"},"modified":"2025-03-14T00:27:02","modified_gmt":"2025-03-13T23:27:02","slug":"porte-manteau-serigrafie-enfant-meuble-enfant-bebe-portemanteaux","status":"publish","type":"product","link":"https:\/\/www.pomoline.com\/fr\/produit\/porte-manteau-serigrafie-enfant-meuble-enfant-bebe-portemanteaux\/","title":{"rendered":"PORTE-MANTEAU S\u00c9RIGRAFI\u00c9 ENFANT | MEUBLE ENFANT B\u00c9B\u00c9 PORTEMANTEAUX"},"content":{"rendered":"<p>Portemanteaux Pat\u00e8res et crochet \u00e0 la porte id\u00e9al pour la porte int\u00e9rieure de la salle de bain ou de la chambre des enfants. Ce mod\u00e8le particulier est le MOD 943F3 porte-manteau s\u00e9rigrafi\u00e9 enfant | meuble enfant b\u00e9b\u00e9 portemanteaux<\/p>\n","protected":false},"excerpt":{"rendered":"<p>Portemanteaux Pat\u00e8res et crochet \u00e0 la porte id\u00e9al pour la porte int\u00e9rieure de la salle de bain ou de la chambre des enfants. Ce mod\u00e8le particulier est le MOD 943F3 porte-manteau s\u00e9rigrafi\u00e9 enfant | meuble enfant b\u00e9b\u00e9 portemanteaux<\/p>\n","protected":false},"featured_media":410447,"template":"","meta":{"_joinchat":[]},"product_brand":[],"product_cat":[5185],"product_tag":[],"class_list":{"0":"post-321845","1":"product","2":"type-product","3":"status-publish","4":"has-post-thumbnail","6":"product_cat-porte-manteaux-cintres-au-dessus-de-porte","7":"pa_color-blanc-poignees-boutons-pieds-meuble-portamanteaux-mur-porte","8":"pa_color-fantaisie-poignees-boutons-pieds-meuble-portamanteaux-mur-porte","9":"pa_color-magenta-poignees-boutons-pieds-meuble-portamanteaux-mur-porte","10":"pa_color-rose-poignees-boutons-pieds-meuble-portamanteaux-mur-porte","11":"pa_tendencia-portemanteu-sur-porte-pour-enfants","13":"first","14":"instock","15":"taxable","16":"shipping-taxable","17":"purchasable","18":"product-type-variable","19":"has-default-attributes","20":"wvs-archive-product-wrapper"},"_links":{"self":[{"href":"https:\/\/www.pomoline.com\/fr\/wp-json\/wp\/v2\/product\/321845","targetHints":{"allow":["GET"]}}],"collection":[{"href":"https:\/\/www.pomoline.com\/fr\/wp-json\/wp\/v2\/product"}],"about":[{"href":"https:\/\/www.pomoline.com\/fr\/wp-json\/wp\/v2\/types\/product"}],"wp:featuredmedia":[{"embeddable":true,"href":"https:\/\/www.pomoline.com\/fr\/wp-json\/wp\/v2\/media\/410447"}],"wp:attachment":[{"href":"https:\/\/www.pomoline.com\/fr\/wp-json\/wp\/v2\/media?parent=321845"}],"wp:term":[{"taxonomy":"product_brand","embeddable":true,"href":"https:\/\/www.pomoline.com\/fr\/wp-json\/wp\/v2\/product_brand?post=321845"},{"taxonomy":"product_cat","embeddable":true,"href":"https:\/\/www.pomoline.com\/fr\/wp-json\/wp\/v2\/product_cat?post=321845"},{"taxonomy":"product_tag","embeddable":true,"href":"https:\/\/www.pomoline.com\/fr\/wp-json\/wp\/v2\/product_tag?post=321845"}],"curies":[{"name":"wp","href":"https:\/\/api.w.org\/{rel}","templated":true}]}}