{"id":321873,"date":"2024-04-27T12:40:06","date_gmt":"2024-04-27T10:40:06","guid":{"rendered":"https:\/\/www.pomoline.com\/web-pruebas\/producto\/percha-gancho-puerta-para-montar-pomo-mueble\/"},"modified":"2025-03-14T00:25:07","modified_gmt":"2025-03-13T23:25:07","slug":"crochet-portemanteau-de-porte-pour-monter-le-bouton-de-meuble","status":"publish","type":"product","link":"https:\/\/www.pomoline.com\/fr\/produit\/crochet-portemanteau-de-porte-pour-monter-le-bouton-de-meuble\/","title":{"rendered":"CROCHET PORTEMANTEAU DE PORTE POUR MONTER LE BOUTON DE MEUBLE"},"content":{"rendered":"<p>Portemanteaux Pat\u00e8res et crochet \u00e0 la porte id\u00e9al pour la porte int\u00e9rieure de la salle de bain ou de la chambre des enfants. Ce mod\u00e8le particulier est le MOD 943 crochet portemanteau de porte pour monter le bouton de meuble<\/p>\n","protected":false},"excerpt":{"rendered":"<p>Portemanteaux Pat\u00e8res et crochet \u00e0 la porte id\u00e9al pour la porte int\u00e9rieure de la salle de bain ou de la chambre des enfants. Ce mod\u00e8le particulier est le MOD 943 crochet portemanteau de porte pour monter le bouton de meuble<\/p>\n","protected":false},"featured_media":410419,"template":"","meta":{"_joinchat":[]},"product_brand":[],"product_cat":[5185],"product_tag":[],"class_list":{"0":"post-321873","1":"product","2":"type-product","3":"status-publish","4":"has-post-thumbnail","6":"product_cat-porte-manteaux-cintres-au-dessus-de-porte","7":"pa_color-chrome-poignees-boutons-pieds-meuble-portamanteaux-mur-porte","8":"pa_tendencia-portemanteu-sur-porte","10":"first","11":"instock","12":"taxable","13":"shipping-taxable","14":"purchasable","15":"product-type-variable","16":"has-default-attributes","17":"wvs-archive-product-wrapper"},"_links":{"self":[{"href":"https:\/\/www.pomoline.com\/fr\/wp-json\/wp\/v2\/product\/321873","targetHints":{"allow":["GET"]}}],"collection":[{"href":"https:\/\/www.pomoline.com\/fr\/wp-json\/wp\/v2\/product"}],"about":[{"href":"https:\/\/www.pomoline.com\/fr\/wp-json\/wp\/v2\/types\/product"}],"wp:featuredmedia":[{"embeddable":true,"href":"https:\/\/www.pomoline.com\/fr\/wp-json\/wp\/v2\/media\/410419"}],"wp:attachment":[{"href":"https:\/\/www.pomoline.com\/fr\/wp-json\/wp\/v2\/media?parent=321873"}],"wp:term":[{"taxonomy":"product_brand","embeddable":true,"href":"https:\/\/www.pomoline.com\/fr\/wp-json\/wp\/v2\/product_brand?post=321873"},{"taxonomy":"product_cat","embeddable":true,"href":"https:\/\/www.pomoline.com\/fr\/wp-json\/wp\/v2\/product_cat?post=321873"},{"taxonomy":"product_tag","embeddable":true,"href":"https:\/\/www.pomoline.com\/fr\/wp-json\/wp\/v2\/product_tag?post=321873"}],"curies":[{"name":"wp","href":"https:\/\/api.w.org\/{rel}","templated":true}]}}