{"id":321885,"date":"2024-04-27T12:40:29","date_gmt":"2024-04-27T10:40:29","guid":{"rendered":"https:\/\/www.pomoline.com\/web-pruebas\/producto\/perchas-decorativas-de-pared-infantiles-y-modernas-de-sobrepuerta\/"},"modified":"2025-03-14T00:24:17","modified_gmt":"2025-03-13T23:24:17","slug":"portemanteu-decoratifs-pour-meuble-enfants","status":"publish","type":"product","link":"https:\/\/www.pomoline.com\/fr\/produit\/portemanteu-decoratifs-pour-meuble-enfants\/","title":{"rendered":"PORTEMANTEU D\u00c9CORATIFS POUR CHAMBRE ENFANTS"},"content":{"rendered":"<p>Portemanteaux Pat\u00e8res et crochet \u00e0 la porte id\u00e9al pour la porte int\u00e9rieure de la salle de bain ou de la chambre des enfants. Ce mod\u00e8le particulier est le MOD 936 portemanteu d\u00e9coratifs pour enfants<\/p>\n","protected":false},"excerpt":{"rendered":"<p>Portemanteaux Pat\u00e8res et crochet \u00e0 la porte id\u00e9al pour la porte int\u00e9rieure de la salle de bain ou de la chambre des enfants. Ce mod\u00e8le particulier est le MOD 936 portemanteu d\u00e9coratifs pour enfants<\/p>\n","protected":false},"featured_media":410407,"template":"","meta":{"_joinchat":[]},"product_brand":[],"product_cat":[5355,5357,5185],"product_tag":[],"class_list":{"0":"post-321885","1":"product","2":"type-product","3":"status-publish","4":"has-post-thumbnail","6":"product_cat-ofertas","7":"product_cat-ofertas-fr","8":"product_cat-porte-manteaux-cintres-au-dessus-de-porte","9":"pa_color-chrome-poignees-boutons-pieds-meuble-portamanteaux-mur-porte","10":"pa_tendencia-portemanteu-sur-porte-pour-enfants","12":"first","13":"instock","14":"sale","15":"taxable","16":"shipping-taxable","17":"purchasable","18":"product-type-variable","19":"has-default-attributes","20":"wvs-archive-product-wrapper"},"_links":{"self":[{"href":"https:\/\/www.pomoline.com\/fr\/wp-json\/wp\/v2\/product\/321885","targetHints":{"allow":["GET"]}}],"collection":[{"href":"https:\/\/www.pomoline.com\/fr\/wp-json\/wp\/v2\/product"}],"about":[{"href":"https:\/\/www.pomoline.com\/fr\/wp-json\/wp\/v2\/types\/product"}],"wp:featuredmedia":[{"embeddable":true,"href":"https:\/\/www.pomoline.com\/fr\/wp-json\/wp\/v2\/media\/410407"}],"wp:attachment":[{"href":"https:\/\/www.pomoline.com\/fr\/wp-json\/wp\/v2\/media?parent=321885"}],"wp:term":[{"taxonomy":"product_brand","embeddable":true,"href":"https:\/\/www.pomoline.com\/fr\/wp-json\/wp\/v2\/product_brand?post=321885"},{"taxonomy":"product_cat","embeddable":true,"href":"https:\/\/www.pomoline.com\/fr\/wp-json\/wp\/v2\/product_cat?post=321885"},{"taxonomy":"product_tag","embeddable":true,"href":"https:\/\/www.pomoline.com\/fr\/wp-json\/wp\/v2\/product_tag?post=321885"}],"curies":[{"name":"wp","href":"https:\/\/api.w.org\/{rel}","templated":true}]}}