{"id":321889,"date":"2024-04-27T12:40:35","date_gmt":"2024-04-27T10:40:35","guid":{"rendered":"https:\/\/www.pomoline.com\/web-pruebas\/producto\/percha-pared-3-ganchos-madera-laca-blanca-340x75mm\/"},"modified":"2025-03-14T00:24:02","modified_gmt":"2025-03-13T23:24:02","slug":"portemanteau-3-crochettes-bois-blanc-340x75mm","status":"publish","type":"product","link":"https:\/\/www.pomoline.com\/fr\/produit\/portemanteau-3-crochettes-bois-blanc-340x75mm\/","title":{"rendered":"PORTEMANTEAU 3 CROCHETTES BOIS BLANC 340x75MM"},"content":{"rendered":"<p>Portemanteaux Pat\u00e8res et crochets pour montage mural. Fait de bois et de m\u00e9tal avec de tr\u00e8s jolis motifs classiques et modernes pour la d\u00e9coration de la maison. Ce mod\u00e8le particulier est le MOD 933 portemanteau 3 crochettes bois blanc 340x75mm<\/p>\n","protected":false},"excerpt":{"rendered":"<p>Portemanteaux Pat\u00e8res et crochets pour montage mural. Fait de bois et de m\u00e9tal avec de tr\u00e8s jolis motifs classiques et modernes pour la d\u00e9coration de la maison. Ce mod\u00e8le particulier est le MOD 933 portemanteau 3 crochettes bois blanc 340x75mm<\/p>\n","protected":false},"featured_media":410403,"template":"","meta":{"_joinchat":[]},"product_brand":[],"product_cat":[5355,5357,1007],"product_tag":[],"class_list":{"0":"post-321889","1":"product","2":"type-product","3":"status-publish","4":"has-post-thumbnail","6":"product_cat-ofertas","7":"product_cat-ofertas-fr","8":"product_cat-portemanteaux-muraux-patere-mural","9":"pa_color-hetre-naturel-poignees-boutons-pieds-meuble-portamanteaux-mur-porte","10":"pa_color-blanc-poignees-boutons-pieds-meuble-portamanteaux-mur-porte","11":"pa_color-miel-de-hetre-poignees-boutons-pieds-meuble-portamanteaux-mur-porte","12":"pa_color-wengue-poignees-boutons-pieds-meuble-portamanteaux-mur-porte","13":"pa_tendencia-portemanteaux-moderne-mural-maison-decoration","15":"first","16":"instock","17":"sale","18":"taxable","19":"shipping-taxable","20":"purchasable","21":"product-type-variable","22":"has-default-attributes","23":"wvs-archive-product-wrapper"},"_links":{"self":[{"href":"https:\/\/www.pomoline.com\/fr\/wp-json\/wp\/v2\/product\/321889","targetHints":{"allow":["GET"]}}],"collection":[{"href":"https:\/\/www.pomoline.com\/fr\/wp-json\/wp\/v2\/product"}],"about":[{"href":"https:\/\/www.pomoline.com\/fr\/wp-json\/wp\/v2\/types\/product"}],"wp:featuredmedia":[{"embeddable":true,"href":"https:\/\/www.pomoline.com\/fr\/wp-json\/wp\/v2\/media\/410403"}],"wp:attachment":[{"href":"https:\/\/www.pomoline.com\/fr\/wp-json\/wp\/v2\/media?parent=321889"}],"wp:term":[{"taxonomy":"product_brand","embeddable":true,"href":"https:\/\/www.pomoline.com\/fr\/wp-json\/wp\/v2\/product_brand?post=321889"},{"taxonomy":"product_cat","embeddable":true,"href":"https:\/\/www.pomoline.com\/fr\/wp-json\/wp\/v2\/product_cat?post=321889"},{"taxonomy":"product_tag","embeddable":true,"href":"https:\/\/www.pomoline.com\/fr\/wp-json\/wp\/v2\/product_tag?post=321889"}],"curies":[{"name":"wp","href":"https:\/\/api.w.org\/{rel}","templated":true}]}}