{"id":321893,"date":"2024-04-27T12:40:41","date_gmt":"2024-04-27T10:40:41","guid":{"rendered":"https:\/\/www.pomoline.com\/web-pruebas\/producto\/percha-pared-madera-pomos-haya-natural-base-lacada\/"},"modified":"2025-03-14T00:23:44","modified_gmt":"2025-03-13T23:23:44","slug":"portemanteau-bois-hetre-laque-boutons-chrome-mat","status":"publish","type":"product","link":"https:\/\/www.pomoline.com\/fr\/produit\/portemanteau-bois-hetre-laque-boutons-chrome-mat\/","title":{"rendered":"PORTEMANTEAU BOIS HETRE LAQU\u00c9 BOUTONS CHROME MAT"},"content":{"rendered":"<p>Portemanteaux Pat\u00e8res et crochets pour montage mural. Fait de bois et de m\u00e9tal avec de tr\u00e8s jolis motifs classiques et modernes pour la d\u00e9coration de la maison. Ce mod\u00e8le particulier est le MOD 914 portemanteau bois hetre laqu\u00e9 boutons chrome mat<\/p>\n","protected":false},"excerpt":{"rendered":"<p>Portemanteaux Pat\u00e8res et crochets pour montage mural. Fait de bois et de m\u00e9tal avec de tr\u00e8s jolis motifs classiques et modernes pour la d\u00e9coration de la maison. Ce mod\u00e8le particulier est le MOD 914 portemanteau bois hetre laqu\u00e9 boutons chrome mat<\/p>\n","protected":false},"featured_media":410399,"template":"","meta":{"_joinchat":[]},"product_brand":[],"product_cat":[5355,5357,1007],"product_tag":[],"class_list":{"0":"post-321893","1":"product","2":"type-product","3":"status-publish","4":"has-post-thumbnail","6":"product_cat-ofertas","7":"product_cat-ofertas-fr","8":"product_cat-portemanteaux-muraux-patere-mural","9":"pa_color-hetre-naturel-poignees-boutons-pieds-meuble-portamanteaux-mur-porte","10":"pa_color-blanc-poignees-boutons-pieds-meuble-portamanteaux-mur-porte","11":"pa_color-wengue-poignees-boutons-pieds-meuble-portamanteaux-mur-porte","12":"pa_tendencia-portemanteaux-en-bois-mural-maison-decoration","14":"first","15":"instock","16":"sale","17":"taxable","18":"shipping-taxable","19":"purchasable","20":"product-type-variable","21":"has-default-attributes","22":"wvs-archive-product-wrapper"},"_links":{"self":[{"href":"https:\/\/www.pomoline.com\/fr\/wp-json\/wp\/v2\/product\/321893","targetHints":{"allow":["GET"]}}],"collection":[{"href":"https:\/\/www.pomoline.com\/fr\/wp-json\/wp\/v2\/product"}],"about":[{"href":"https:\/\/www.pomoline.com\/fr\/wp-json\/wp\/v2\/types\/product"}],"wp:featuredmedia":[{"embeddable":true,"href":"https:\/\/www.pomoline.com\/fr\/wp-json\/wp\/v2\/media\/410399"}],"wp:attachment":[{"href":"https:\/\/www.pomoline.com\/fr\/wp-json\/wp\/v2\/media?parent=321893"}],"wp:term":[{"taxonomy":"product_brand","embeddable":true,"href":"https:\/\/www.pomoline.com\/fr\/wp-json\/wp\/v2\/product_brand?post=321893"},{"taxonomy":"product_cat","embeddable":true,"href":"https:\/\/www.pomoline.com\/fr\/wp-json\/wp\/v2\/product_cat?post=321893"},{"taxonomy":"product_tag","embeddable":true,"href":"https:\/\/www.pomoline.com\/fr\/wp-json\/wp\/v2\/product_tag?post=321893"}],"curies":[{"name":"wp","href":"https:\/\/api.w.org\/{rel}","templated":true}]}}