{"id":321901,"date":"2024-04-27T12:40:57","date_gmt":"2024-04-27T10:40:57","guid":{"rendered":"https:\/\/www.pomoline.com\/web-pruebas\/producto\/percha-pared-madera-pomos-colores-para-habitacion-infantil\/"},"modified":"2025-03-14T00:23:12","modified_gmt":"2025-03-13T23:23:12","slug":"portemanteau-murale-en-bois-pour-enfants-chambre","status":"publish","type":"product","link":"https:\/\/www.pomoline.com\/fr\/produit\/portemanteau-murale-en-bois-pour-enfants-chambre\/","title":{"rendered":"PORTEMANTEAU MURALE EN BOIS POUR ENFANTS CHAMBRE"},"content":{"rendered":"<p>Portemanteuax de mur en bois peint qui donneront \u00e0 votre maison un aspect tr\u00e8s naturel et frais. Il existe des mod\u00e8les pour enfants et jeunes. Ce mod\u00e8le sp\u00e9cifique est le support mural en bois MOD 913 avec boutons color\u00e9s pour chambre d&rsquo;enfant.<\/p>\n","protected":false},"excerpt":{"rendered":"<p>Portemanteuax de mur en bois peint qui donneront \u00e0 votre maison un aspect tr\u00e8s naturel et frais. Il existe des mod\u00e8les pour enfants et jeunes. Ce mod\u00e8le sp\u00e9cifique est le support mural en bois MOD 913 avec boutons color\u00e9s pour chambre d&rsquo;enfant.<\/p>\n","protected":false},"featured_media":410391,"template":"","meta":{"_joinchat":[]},"product_brand":[],"product_cat":[5355,5357,1007],"product_tag":[],"class_list":{"0":"post-321901","1":"product","2":"type-product","3":"status-publish","4":"has-post-thumbnail","6":"product_cat-ofertas","7":"product_cat-ofertas-fr","8":"product_cat-portemanteaux-muraux-patere-mural","9":"pa_color-vert-poignees-boutons-pieds-meuble-portamanteaux-mur-porte","10":"pa_color-blanc-poignees-boutons-pieds-meuble-portamanteaux-mur-porte","11":"pa_color-bleu-poignees-boutons-pieds-meuble-portamanteaux-mur-porte","12":"pa_color-fantaisie-poignees-boutons-pieds-meuble-portamanteaux-mur-porte","13":"pa_color-lilas-poignees-boutons-pieds-meuble-portamanteaux-mur-porte","14":"pa_color-magenta-poignees-boutons-pieds-meuble-portamanteaux-mur-porte","15":"pa_color-orange-poignees-boutons-pieds-meuble-portamanteaux-mur-porte","16":"pa_tendencia-portemanteau-patere-mur-enfants","17":"pa_tendencia-portemanteaux-en-bois-mural-maison-decoration","19":"first","20":"instock","21":"sale","22":"taxable","23":"shipping-taxable","24":"purchasable","25":"product-type-variable","26":"has-default-attributes","27":"wvs-archive-product-wrapper"},"_links":{"self":[{"href":"https:\/\/www.pomoline.com\/fr\/wp-json\/wp\/v2\/product\/321901","targetHints":{"allow":["GET"]}}],"collection":[{"href":"https:\/\/www.pomoline.com\/fr\/wp-json\/wp\/v2\/product"}],"about":[{"href":"https:\/\/www.pomoline.com\/fr\/wp-json\/wp\/v2\/types\/product"}],"wp:featuredmedia":[{"embeddable":true,"href":"https:\/\/www.pomoline.com\/fr\/wp-json\/wp\/v2\/media\/410391"}],"wp:attachment":[{"href":"https:\/\/www.pomoline.com\/fr\/wp-json\/wp\/v2\/media?parent=321901"}],"wp:term":[{"taxonomy":"product_brand","embeddable":true,"href":"https:\/\/www.pomoline.com\/fr\/wp-json\/wp\/v2\/product_brand?post=321901"},{"taxonomy":"product_cat","embeddable":true,"href":"https:\/\/www.pomoline.com\/fr\/wp-json\/wp\/v2\/product_cat?post=321901"},{"taxonomy":"product_tag","embeddable":true,"href":"https:\/\/www.pomoline.com\/fr\/wp-json\/wp\/v2\/product_tag?post=321901"}],"curies":[{"name":"wp","href":"https:\/\/api.w.org\/{rel}","templated":true}]}}