{"id":321913,"date":"2024-04-27T12:41:14","date_gmt":"2024-04-27T10:41:14","guid":{"rendered":"https:\/\/www.pomoline.com\/web-pruebas\/producto\/percha-pared-pomos-lacada-old-meters-vintage-retro\/"},"modified":"2025-12-24T16:47:41","modified_gmt":"2025-12-24T15:47:41","slug":"porte-manteaux-mural-boutons-bois-metres-vintage-retro","status":"publish","type":"product","link":"https:\/\/www.pomoline.com\/fr\/produit\/porte-manteaux-mural-boutons-bois-metres-vintage-retro\/","title":{"rendered":"PORTE-MANTEAUX MURAL BOUTONS BOIS M\u00c8TRES VINTAGE RETRO"},"content":{"rendered":"<p>Portemanteaux Pat\u00e8res muraux en bois naturel teint\u00e9 et vieilli avec des motifs r\u00e9tro et vintage. Ce mod\u00e8le particulier est le MOD 9090 porte-manteaux mural boutons bois m\u00e8tres vintage retro<\/p>\n","protected":false},"excerpt":{"rendered":"<p>Portemanteaux Pat\u00e8res muraux en bois naturel teint\u00e9 et vieilli avec des motifs r\u00e9tro et vintage. Ce mod\u00e8le particulier est le MOD 9090 porte-manteaux mural boutons bois m\u00e8tres vintage retro<\/p>\n","protected":false},"featured_media":435800,"template":"","meta":{"_joinchat":[]},"product_brand":[],"product_cat":[5355,5357,1007],"product_tag":[],"class_list":{"0":"post-321913","1":"product","2":"type-product","3":"status-publish","4":"has-post-thumbnail","6":"product_cat-ofertas","7":"product_cat-ofertas-fr","8":"product_cat-portemanteaux-muraux-patere-mural","9":"pa_color-blanc-poignees-boutons-pieds-meuble-portamanteaux-mur-porte","10":"pa_color-noyer-poignees-boutons-pieds-meuble-portamanteaux-mur-porte","11":"pa_color-vieux-cerisier-poignees-boutons-pieds-meuble-portamanteaux-mur-porte","12":"pa_color-vieux-hetre-poignees-boutons-pieds-meuble-portamanteaux-mur-porte","13":"pa_tendencia-portemanteaux-retro-mural-maison-decoration","15":"first","16":"instock","17":"sale","18":"taxable","19":"shipping-taxable","20":"purchasable","21":"product-type-variable","22":"has-default-attributes","23":"wvs-archive-product-wrapper"},"_links":{"self":[{"href":"https:\/\/www.pomoline.com\/fr\/wp-json\/wp\/v2\/product\/321913","targetHints":{"allow":["GET"]}}],"collection":[{"href":"https:\/\/www.pomoline.com\/fr\/wp-json\/wp\/v2\/product"}],"about":[{"href":"https:\/\/www.pomoline.com\/fr\/wp-json\/wp\/v2\/types\/product"}],"wp:featuredmedia":[{"embeddable":true,"href":"https:\/\/www.pomoline.com\/fr\/wp-json\/wp\/v2\/media\/435800"}],"wp:attachment":[{"href":"https:\/\/www.pomoline.com\/fr\/wp-json\/wp\/v2\/media?parent=321913"}],"wp:term":[{"taxonomy":"product_brand","embeddable":true,"href":"https:\/\/www.pomoline.com\/fr\/wp-json\/wp\/v2\/product_brand?post=321913"},{"taxonomy":"product_cat","embeddable":true,"href":"https:\/\/www.pomoline.com\/fr\/wp-json\/wp\/v2\/product_cat?post=321913"},{"taxonomy":"product_tag","embeddable":true,"href":"https:\/\/www.pomoline.com\/fr\/wp-json\/wp\/v2\/product_tag?post=321913"}],"curies":[{"name":"wp","href":"https:\/\/api.w.org\/{rel}","templated":true}]}}