{"id":321921,"date":"2024-04-27T12:41:24","date_gmt":"2024-04-27T10:41:24","guid":{"rendered":"https:\/\/www.pomoline.com\/web-pruebas\/producto\/percha-pared-abs-pomos-futbol-diseno-infantil-juvenil\/"},"modified":"2025-03-14T00:22:02","modified_gmt":"2025-03-13T23:22:02","slug":"porte-manteaux-mural-abs-boutons-football-design-enfants-jeune","status":"publish","type":"product","link":"https:\/\/www.pomoline.com\/fr\/produit\/porte-manteaux-mural-abs-boutons-football-design-enfants-jeune\/","title":{"rendered":"PORTE-MANTEAUX MURAL ABS BOUTONS FOOTBALL DESIGN ENFANTS JEUNE"},"content":{"rendered":"<p>Portemanteaux Pat\u00e8res \u00e9conomiques pour enfants et crochets muraux en r\u00e9sine plastique s\u00e9rigraphi\u00e9e ou color\u00e9e. Ce mod\u00e8le particulier est le MOD 9088 porte-manteaux mural abs boutons football design enfants jeune<\/p>\n","protected":false},"excerpt":{"rendered":"<p>Portemanteaux Pat\u00e8res \u00e9conomiques pour enfants et crochets muraux en r\u00e9sine plastique s\u00e9rigraphi\u00e9e ou color\u00e9e. Ce mod\u00e8le particulier est le MOD 9088 porte-manteaux mural abs boutons football design enfants jeune<\/p>\n","protected":false},"featured_media":410371,"template":"","meta":{"_joinchat":[]},"product_brand":[],"product_cat":[5355,5357,1007],"product_tag":[],"class_list":{"0":"post-321921","1":"product","2":"type-product","3":"status-publish","4":"has-post-thumbnail","6":"product_cat-ofertas","7":"product_cat-ofertas-fr","8":"product_cat-portemanteaux-muraux-patere-mural","9":"pa_color-blanc-poignees-boutons-pieds-meuble-portamanteaux-mur-porte","10":"pa_color-orange-poignees-boutons-pieds-meuble-portamanteaux-mur-porte","11":"pa_tendencia-portemanteau-patere-mur-enfants","13":"first","14":"instock","15":"sale","16":"taxable","17":"shipping-taxable","18":"purchasable","19":"product-type-variable","20":"has-default-attributes","21":"wvs-archive-product-wrapper"},"_links":{"self":[{"href":"https:\/\/www.pomoline.com\/fr\/wp-json\/wp\/v2\/product\/321921","targetHints":{"allow":["GET"]}}],"collection":[{"href":"https:\/\/www.pomoline.com\/fr\/wp-json\/wp\/v2\/product"}],"about":[{"href":"https:\/\/www.pomoline.com\/fr\/wp-json\/wp\/v2\/types\/product"}],"wp:featuredmedia":[{"embeddable":true,"href":"https:\/\/www.pomoline.com\/fr\/wp-json\/wp\/v2\/media\/410371"}],"wp:attachment":[{"href":"https:\/\/www.pomoline.com\/fr\/wp-json\/wp\/v2\/media?parent=321921"}],"wp:term":[{"taxonomy":"product_brand","embeddable":true,"href":"https:\/\/www.pomoline.com\/fr\/wp-json\/wp\/v2\/product_brand?post=321921"},{"taxonomy":"product_cat","embeddable":true,"href":"https:\/\/www.pomoline.com\/fr\/wp-json\/wp\/v2\/product_cat?post=321921"},{"taxonomy":"product_tag","embeddable":true,"href":"https:\/\/www.pomoline.com\/fr\/wp-json\/wp\/v2\/product_tag?post=321921"}],"curies":[{"name":"wp","href":"https:\/\/api.w.org\/{rel}","templated":true}]}}