{"id":321997,"date":"2024-04-27T12:43:27","date_gmt":"2024-04-27T10:43:27","guid":{"rendered":"https:\/\/www.pomoline.com\/web-pruebas\/producto\/percha-pared-abs-pomos-elefantes-felices-diseno-infantil-juvenil\/"},"modified":"2025-03-14T00:16:49","modified_gmt":"2025-03-13T23:16:49","slug":"porte-manteaux-mural-abs-boutons-elephants-design-enfants-jeune","status":"publish","type":"product","link":"https:\/\/www.pomoline.com\/fr\/produit\/porte-manteaux-mural-abs-boutons-elephants-design-enfants-jeune\/","title":{"rendered":"PORTE-MANTEAUX MURAL ABS BOUTONS ELEPHANTS DESIGN ENFANTS JEUNE"},"content":{"rendered":"<p>Portemanteaux Pat\u00e8res \u00e9conomiques pour enfants et crochets muraux en r\u00e9sine plastique s\u00e9rigraphi\u00e9e ou color\u00e9e. Ce mod\u00e8le particulier est le MOD 9069 porte-manteaux mural abs boutons elephants design enfants jeune<\/p>\n","protected":false},"excerpt":{"rendered":"<p>Portemanteaux Pat\u00e8res \u00e9conomiques pour enfants et crochets muraux en r\u00e9sine plastique s\u00e9rigraphi\u00e9e ou color\u00e9e. Ce mod\u00e8le particulier est le MOD 9069 porte-manteaux mural abs boutons elephants design enfants jeune<\/p>\n","protected":false},"featured_media":410295,"template":"","meta":{"_joinchat":[]},"product_brand":[],"product_cat":[1007],"product_tag":[],"class_list":{"0":"post-321997","1":"product","2":"type-product","3":"status-publish","4":"has-post-thumbnail","6":"product_cat-portemanteaux-muraux-patere-mural","7":"pa_color-rose-poignees-boutons-pieds-meuble-portamanteaux-mur-porte","8":"pa_tendencia-portemanteau-patere-mur-enfants","10":"first","11":"instock","12":"taxable","13":"shipping-taxable","14":"purchasable","15":"product-type-variable","16":"has-default-attributes","17":"wvs-archive-product-wrapper"},"_links":{"self":[{"href":"https:\/\/www.pomoline.com\/fr\/wp-json\/wp\/v2\/product\/321997","targetHints":{"allow":["GET"]}}],"collection":[{"href":"https:\/\/www.pomoline.com\/fr\/wp-json\/wp\/v2\/product"}],"about":[{"href":"https:\/\/www.pomoline.com\/fr\/wp-json\/wp\/v2\/types\/product"}],"wp:featuredmedia":[{"embeddable":true,"href":"https:\/\/www.pomoline.com\/fr\/wp-json\/wp\/v2\/media\/410295"}],"wp:attachment":[{"href":"https:\/\/www.pomoline.com\/fr\/wp-json\/wp\/v2\/media?parent=321997"}],"wp:term":[{"taxonomy":"product_brand","embeddable":true,"href":"https:\/\/www.pomoline.com\/fr\/wp-json\/wp\/v2\/product_brand?post=321997"},{"taxonomy":"product_cat","embeddable":true,"href":"https:\/\/www.pomoline.com\/fr\/wp-json\/wp\/v2\/product_cat?post=321997"},{"taxonomy":"product_tag","embeddable":true,"href":"https:\/\/www.pomoline.com\/fr\/wp-json\/wp\/v2\/product_tag?post=321997"}],"curies":[{"name":"wp","href":"https:\/\/api.w.org\/{rel}","templated":true}]}}