{"id":322005,"date":"2024-04-27T12:43:42","date_gmt":"2024-04-27T10:43:42","guid":{"rendered":"https:\/\/www.pomoline.com\/web-pruebas\/producto\/percha-pared-welcome-gris-piedra-desgastado-vintage-retro\/"},"modified":"2025-03-14T00:16:17","modified_gmt":"2025-03-13T23:16:17","slug":"porte-manteaux-mural-welcome-couleur-gris-pierre-vintage-retro","status":"publish","type":"product","link":"https:\/\/www.pomoline.com\/fr\/produit\/porte-manteaux-mural-welcome-couleur-gris-pierre-vintage-retro\/","title":{"rendered":"PORTE-MANTEAUX MURAL WELCOME COULEUR GRIS PIERRE VINTAGE RETRO"},"content":{"rendered":"<p>Portemanteaux Pat\u00e8res et crochets muraux au design vintage et classique. Ce sont de vieilles affiches qui donnent \u00e0 votre maison un look r\u00e9tro tr\u00e8s chic. Ce mod\u00e8le particulier est le MOD 9066 porte-manteaux mural welcome couleur gris pierre vintage retrO<\/p>\n","protected":false},"excerpt":{"rendered":"<p>Portemanteaux Pat\u00e8res et crochets muraux au design vintage et classique. Ce sont de vieilles affiches qui donnent \u00e0 votre maison un look r\u00e9tro tr\u00e8s chic. Ce mod\u00e8le particulier est le MOD 9066 porte-manteaux mural welcome couleur gris pierre vintage retrO<\/p>\n","protected":false},"featured_media":410287,"template":"","meta":{"_joinchat":[]},"product_brand":[],"product_cat":[5355,5357,1007],"product_tag":[],"class_list":{"0":"post-322005","1":"product","2":"type-product","3":"status-publish","4":"has-post-thumbnail","6":"product_cat-ofertas","7":"product_cat-ofertas-fr","8":"product_cat-portemanteaux-muraux-patere-mural","9":"pa_color-gris-poignees-boutons-pieds-meuble-portamanteaux-mur-porte","10":"pa_tendencia-portemanteaux-vintage-mural-maison-decoration","12":"first","13":"instock","14":"sale","15":"taxable","16":"shipping-taxable","17":"purchasable","18":"product-type-variable","19":"has-default-attributes","20":"wvs-archive-product-wrapper"},"_links":{"self":[{"href":"https:\/\/www.pomoline.com\/fr\/wp-json\/wp\/v2\/product\/322005","targetHints":{"allow":["GET"]}}],"collection":[{"href":"https:\/\/www.pomoline.com\/fr\/wp-json\/wp\/v2\/product"}],"about":[{"href":"https:\/\/www.pomoline.com\/fr\/wp-json\/wp\/v2\/types\/product"}],"wp:featuredmedia":[{"embeddable":true,"href":"https:\/\/www.pomoline.com\/fr\/wp-json\/wp\/v2\/media\/410287"}],"wp:attachment":[{"href":"https:\/\/www.pomoline.com\/fr\/wp-json\/wp\/v2\/media?parent=322005"}],"wp:term":[{"taxonomy":"product_brand","embeddable":true,"href":"https:\/\/www.pomoline.com\/fr\/wp-json\/wp\/v2\/product_brand?post=322005"},{"taxonomy":"product_cat","embeddable":true,"href":"https:\/\/www.pomoline.com\/fr\/wp-json\/wp\/v2\/product_cat?post=322005"},{"taxonomy":"product_tag","embeddable":true,"href":"https:\/\/www.pomoline.com\/fr\/wp-json\/wp\/v2\/product_tag?post=322005"}],"curies":[{"name":"wp","href":"https:\/\/api.w.org\/{rel}","templated":true}]}}