{"id":322025,"date":"2024-04-27T12:44:17","date_gmt":"2024-04-27T10:44:17","guid":{"rendered":"https:\/\/www.pomoline.com\/web-pruebas\/producto\/percha-pared-chapa-brujula-blanco-vintage-retro\/"},"modified":"2025-03-14T00:14:53","modified_gmt":"2025-03-13T23:14:53","slug":"porte-manteaux-mural-capsule-compas-blanche-vintage-retro","status":"publish","type":"product","link":"https:\/\/www.pomoline.com\/fr\/produit\/porte-manteaux-mural-capsule-compas-blanche-vintage-retro\/","title":{"rendered":"PORTE-MANTEAUX MURAL CAPSULE COMPAS BLANCHE VINTAGE RETRO"},"content":{"rendered":"<p>Portemanteaux Pat\u00e8res et crochets muraux au design vintage et classique. Ce sont de vieilles affiches qui donnent \u00e0 votre maison un look r\u00e9tro tr\u00e8s chic. Ce mod\u00e8le particulier est le MOD 9065 porte-manteaux mural capsule compas blanche vintage retro<\/p>\n","protected":false},"excerpt":{"rendered":"<p>Portemanteaux Pat\u00e8res et crochets muraux au design vintage et classique. Ce sont de vieilles affiches qui donnent \u00e0 votre maison un look r\u00e9tro tr\u00e8s chic. Ce mod\u00e8le particulier est le MOD 9065 porte-manteaux mural capsule compas blanche vintage retro<\/p>\n","protected":false},"featured_media":410267,"template":"","meta":{"_joinchat":[]},"product_brand":[],"product_cat":[1007],"product_tag":[],"class_list":{"0":"post-322025","1":"product","2":"type-product","3":"status-publish","4":"has-post-thumbnail","6":"product_cat-portemanteaux-muraux-patere-mural","7":"pa_color-noir-poignees-boutons-pieds-meuble-portamanteaux-mur-porte","8":"pa_tendencia-portemanteaux-vintage-mural-maison-decoration","10":"first","11":"instock","12":"taxable","13":"shipping-taxable","14":"purchasable","15":"product-type-variable","16":"has-default-attributes","17":"wvs-archive-product-wrapper"},"_links":{"self":[{"href":"https:\/\/www.pomoline.com\/fr\/wp-json\/wp\/v2\/product\/322025","targetHints":{"allow":["GET"]}}],"collection":[{"href":"https:\/\/www.pomoline.com\/fr\/wp-json\/wp\/v2\/product"}],"about":[{"href":"https:\/\/www.pomoline.com\/fr\/wp-json\/wp\/v2\/types\/product"}],"wp:featuredmedia":[{"embeddable":true,"href":"https:\/\/www.pomoline.com\/fr\/wp-json\/wp\/v2\/media\/410267"}],"wp:attachment":[{"href":"https:\/\/www.pomoline.com\/fr\/wp-json\/wp\/v2\/media?parent=322025"}],"wp:term":[{"taxonomy":"product_brand","embeddable":true,"href":"https:\/\/www.pomoline.com\/fr\/wp-json\/wp\/v2\/product_brand?post=322025"},{"taxonomy":"product_cat","embeddable":true,"href":"https:\/\/www.pomoline.com\/fr\/wp-json\/wp\/v2\/product_cat?post=322025"},{"taxonomy":"product_tag","embeddable":true,"href":"https:\/\/www.pomoline.com\/fr\/wp-json\/wp\/v2\/product_tag?post=322025"}],"curies":[{"name":"wp","href":"https:\/\/api.w.org\/{rel}","templated":true}]}}