{"id":322053,"date":"2024-04-27T12:44:54","date_gmt":"2024-04-27T10:44:54","guid":{"rendered":"https:\/\/www.pomoline.com\/web-pruebas\/producto\/percha-pared-pomo-porcelana-flor-lavanda-jardin-vintage-retro\/"},"modified":"2025-03-14T00:12:53","modified_gmt":"2025-03-13T23:12:53","slug":"porte-manteaux-mural-crochet-en-porcelaine-fleur-lavande-jardin-vintage-retro","status":"publish","type":"product","link":"https:\/\/www.pomoline.com\/fr\/produit\/porte-manteaux-mural-crochet-en-porcelaine-fleur-lavande-jardin-vintage-retro\/","title":{"rendered":"PORTE-MANTEAUX MURAL CROCHET EN PORCELAINE FLEUR LAVANDE JARDIN VINTAGE RETRO"},"content":{"rendered":"<p>Portemanteaux Pat\u00e8res et crochets muraux au design vintage et classique. Ce sont de vieilles affiches qui donnent \u00e0 votre maison un look r\u00e9tro tr\u00e8s chic. Ce mod\u00e8le particulier est le MOD 9064 porte-manteaux mural crochet en porcelaine fleur lavande jardin<\/p>\n","protected":false},"excerpt":{"rendered":"<p>Portemanteaux Pat\u00e8res et crochets muraux au design vintage et classique. Ce sont de vieilles affiches qui donnent \u00e0 votre maison un look r\u00e9tro tr\u00e8s chic. Ce mod\u00e8le particulier est le MOD 9064 porte-manteaux mural crochet en porcelaine fleur lavande jardin<\/p>\n","protected":false},"featured_media":410239,"template":"","meta":{"_joinchat":[]},"product_brand":[],"product_cat":[1007],"product_tag":[],"class_list":{"0":"post-322053","1":"product","2":"type-product","3":"status-publish","4":"has-post-thumbnail","6":"product_cat-portemanteaux-muraux-patere-mural","7":"pa_color-noir-poignees-boutons-pieds-meuble-portamanteaux-mur-porte","8":"pa_color-blanc-poignees-boutons-pieds-meuble-portamanteaux-mur-porte","9":"pa_tendencia-portemanteaux-vintage-mural-maison-decoration","11":"first","12":"instock","13":"taxable","14":"shipping-taxable","15":"purchasable","16":"product-type-variable","17":"has-default-attributes","18":"wvs-archive-product-wrapper"},"_links":{"self":[{"href":"https:\/\/www.pomoline.com\/fr\/wp-json\/wp\/v2\/product\/322053","targetHints":{"allow":["GET"]}}],"collection":[{"href":"https:\/\/www.pomoline.com\/fr\/wp-json\/wp\/v2\/product"}],"about":[{"href":"https:\/\/www.pomoline.com\/fr\/wp-json\/wp\/v2\/types\/product"}],"wp:featuredmedia":[{"embeddable":true,"href":"https:\/\/www.pomoline.com\/fr\/wp-json\/wp\/v2\/media\/410239"}],"wp:attachment":[{"href":"https:\/\/www.pomoline.com\/fr\/wp-json\/wp\/v2\/media?parent=322053"}],"wp:term":[{"taxonomy":"product_brand","embeddable":true,"href":"https:\/\/www.pomoline.com\/fr\/wp-json\/wp\/v2\/product_brand?post=322053"},{"taxonomy":"product_cat","embeddable":true,"href":"https:\/\/www.pomoline.com\/fr\/wp-json\/wp\/v2\/product_cat?post=322053"},{"taxonomy":"product_tag","embeddable":true,"href":"https:\/\/www.pomoline.com\/fr\/wp-json\/wp\/v2\/product_tag?post=322053"}],"curies":[{"name":"wp","href":"https:\/\/api.w.org\/{rel}","templated":true}]}}