{"id":322085,"date":"2024-04-27T12:45:44","date_gmt":"2024-04-27T10:45:44","guid":{"rendered":"https:\/\/www.pomoline.com\/web-pruebas\/producto\/percha-pared-pomos-porcelana-new-marina-playa-bahia-vintage-retro\/"},"modified":"2025-03-14T00:10:40","modified_gmt":"2025-03-13T23:10:40","slug":"porte-manteaux-mural-crochets-en-porcelaine-marin-plage-baie-vintage-retro","status":"publish","type":"product","link":"https:\/\/www.pomoline.com\/fr\/produit\/porte-manteaux-mural-crochets-en-porcelaine-marin-plage-baie-vintage-retro\/","title":{"rendered":"PORTE-MANTEAUX MURAL CROCHETS EN PORCELAINE PLAGE BAIE VINTAGE MARINE RETRO"},"content":{"rendered":"<p>Portemanteaux Pat\u00e8res et crochets muraux au design vintage et classique. Ce sont de vieilles affiches qui donnent \u00e0 votre maison un look r\u00e9tro tr\u00e8s chic. Ce mod\u00e8le particulier est le MOD 9063 porte-manteaux mural crochets en porcelaine marin plage baie vi<\/p>\n","protected":false},"excerpt":{"rendered":"<p>Portemanteaux Pat\u00e8res et crochets muraux au design vintage et classique. Ce sont de vieilles affiches qui donnent \u00e0 votre maison un look r\u00e9tro tr\u00e8s chic. Ce mod\u00e8le particulier est le MOD 9063 porte-manteaux mural crochets en porcelaine marin plage baie vi<\/p>\n","protected":false},"featured_media":410207,"template":"","meta":{"_joinchat":[]},"product_brand":[],"product_cat":[5355,5357,1007],"product_tag":[],"class_list":{"0":"post-322085","1":"product","2":"type-product","3":"status-publish","4":"has-post-thumbnail","6":"product_cat-ofertas","7":"product_cat-ofertas-fr","8":"product_cat-portemanteaux-muraux-patere-mural","9":"pa_color-noir-poignees-boutons-pieds-meuble-portamanteaux-mur-porte","10":"pa_color-blanc-poignees-boutons-pieds-meuble-portamanteaux-mur-porte","11":"pa_tendencia-portemanteaux-vintage-mural-maison-decoration","13":"first","14":"instock","15":"sale","16":"taxable","17":"shipping-taxable","18":"purchasable","19":"product-type-variable","20":"has-default-attributes","21":"wvs-archive-product-wrapper"},"_links":{"self":[{"href":"https:\/\/www.pomoline.com\/fr\/wp-json\/wp\/v2\/product\/322085","targetHints":{"allow":["GET"]}}],"collection":[{"href":"https:\/\/www.pomoline.com\/fr\/wp-json\/wp\/v2\/product"}],"about":[{"href":"https:\/\/www.pomoline.com\/fr\/wp-json\/wp\/v2\/types\/product"}],"wp:featuredmedia":[{"embeddable":true,"href":"https:\/\/www.pomoline.com\/fr\/wp-json\/wp\/v2\/media\/410207"}],"wp:attachment":[{"href":"https:\/\/www.pomoline.com\/fr\/wp-json\/wp\/v2\/media?parent=322085"}],"wp:term":[{"taxonomy":"product_brand","embeddable":true,"href":"https:\/\/www.pomoline.com\/fr\/wp-json\/wp\/v2\/product_brand?post=322085"},{"taxonomy":"product_cat","embeddable":true,"href":"https:\/\/www.pomoline.com\/fr\/wp-json\/wp\/v2\/product_cat?post=322085"},{"taxonomy":"product_tag","embeddable":true,"href":"https:\/\/www.pomoline.com\/fr\/wp-json\/wp\/v2\/product_tag?post=322085"}],"curies":[{"name":"wp","href":"https:\/\/api.w.org\/{rel}","templated":true}]}}