{"id":322093,"date":"2024-04-27T12:45:55","date_gmt":"2024-04-27T10:45:55","guid":{"rendered":"https:\/\/www.pomoline.com\/web-pruebas\/producto\/percha-pared-pomos-abs-colores-base-abs-blanco\/"},"modified":"2025-03-14T00:10:07","modified_gmt":"2025-03-13T23:10:07","slug":"porte-manteaux-mural-boutons-abs-coulerus-base-abs-blanc","status":"publish","type":"product","link":"https:\/\/www.pomoline.com\/fr\/produit\/porte-manteaux-mural-boutons-abs-coulerus-base-abs-blanc\/","title":{"rendered":"PORTE-MANTEAUX MURAL BOUTONS ABS COULERUS | BASE ABS BLANC"},"content":{"rendered":"<p>Portemanteaux Pat\u00e8res \u00e9conomiques pour enfants et crochets muraux en r\u00e9sine plastique s\u00e9rigraphi\u00e9e ou color\u00e9e. Ce mod\u00e8le particulier est le MOD 9062 porte-manteaux mural boutons abs coulerus | base abs blanc<\/p>\n","protected":false},"excerpt":{"rendered":"<p>Portemanteaux Pat\u00e8res \u00e9conomiques pour enfants et crochets muraux en r\u00e9sine plastique s\u00e9rigraphi\u00e9e ou color\u00e9e. Ce mod\u00e8le particulier est le MOD 9062 porte-manteaux mural boutons abs coulerus | base abs blanc<\/p>\n","protected":false},"featured_media":410199,"template":"","meta":{"_joinchat":[]},"product_brand":[],"product_cat":[1007],"product_tag":[],"class_list":{"0":"post-322093","1":"product","2":"type-product","3":"status-publish","4":"has-post-thumbnail","6":"product_cat-portemanteaux-muraux-patere-mural","7":"pa_color-vert-poignees-boutons-pieds-meuble-portamanteaux-mur-porte","8":"pa_color-blanc-poignees-boutons-pieds-meuble-portamanteaux-mur-porte","9":"pa_color-jaune-poignees-boutons-pieds-meuble-portamanteaux-mur-porte","10":"pa_color-bleu-poignees-boutons-pieds-meuble-portamanteaux-mur-porte","11":"pa_color-bleu-clair-poignees-boutons-pieds-meuble-portamanteaux-mur-porte","12":"pa_color-fantaisie-poignees-boutons-pieds-meuble-portamanteaux-mur-porte","13":"pa_color-lilas-poignees-boutons-pieds-meuble-portamanteaux-mur-porte","14":"pa_color-magenta-poignees-boutons-pieds-meuble-portamanteaux-mur-porte","15":"pa_color-orange-poignees-boutons-pieds-meuble-portamanteaux-mur-porte","16":"pa_color-rose-poignees-boutons-pieds-meuble-portamanteaux-mur-porte","17":"pa_color-rouge-poignees-boutons-pieds-meuble-portamanteaux-mur-porte","18":"pa_color-vert-pistache-poignees-boutons-pieds-meuble-portamanteaux-mur-porte","19":"pa_tendencia-portemanteau-patere-mur-enfants","21":"first","22":"instock","23":"taxable","24":"shipping-taxable","25":"purchasable","26":"product-type-variable","27":"has-default-attributes","28":"wvs-archive-product-wrapper"},"_links":{"self":[{"href":"https:\/\/www.pomoline.com\/fr\/wp-json\/wp\/v2\/product\/322093","targetHints":{"allow":["GET"]}}],"collection":[{"href":"https:\/\/www.pomoline.com\/fr\/wp-json\/wp\/v2\/product"}],"about":[{"href":"https:\/\/www.pomoline.com\/fr\/wp-json\/wp\/v2\/types\/product"}],"wp:featuredmedia":[{"embeddable":true,"href":"https:\/\/www.pomoline.com\/fr\/wp-json\/wp\/v2\/media\/410199"}],"wp:attachment":[{"href":"https:\/\/www.pomoline.com\/fr\/wp-json\/wp\/v2\/media?parent=322093"}],"wp:term":[{"taxonomy":"product_brand","embeddable":true,"href":"https:\/\/www.pomoline.com\/fr\/wp-json\/wp\/v2\/product_brand?post=322093"},{"taxonomy":"product_cat","embeddable":true,"href":"https:\/\/www.pomoline.com\/fr\/wp-json\/wp\/v2\/product_cat?post=322093"},{"taxonomy":"product_tag","embeddable":true,"href":"https:\/\/www.pomoline.com\/fr\/wp-json\/wp\/v2\/product_tag?post=322093"}],"curies":[{"name":"wp","href":"https:\/\/api.w.org\/{rel}","templated":true}]}}