{"id":322117,"date":"2024-04-27T12:46:28","date_gmt":"2024-04-27T10:46:28","guid":{"rendered":"https:\/\/www.pomoline.com\/web-pruebas\/producto\/percha-abs-blanco-pomos-flores-colores-perchero-pared-ninos-infantil\/"},"modified":"2025-03-14T00:08:27","modified_gmt":"2025-03-13T23:08:27","slug":"porte-manteau-abs-blanc-fleurs-couleurs-patere-murale-enfant-bebe","status":"publish","type":"product","link":"https:\/\/www.pomoline.com\/fr\/produit\/porte-manteau-abs-blanc-fleurs-couleurs-patere-murale-enfant-bebe\/","title":{"rendered":"PORTE-MANTEAU ABS BLANC FLEURS COULEURS | PAT\u00c8RE MURALE ENFANT B\u00c9B\u00c9"},"content":{"rendered":"<p>Portemanteaux Pat\u00e8res \u00e9conomiques pour enfants et crochets muraux en r\u00e9sine plastique s\u00e9rigraphi\u00e9e ou color\u00e9e. Ce mod\u00e8le particulier est le MOD 9056 porte-manteau abs blanc fleurs couleurs | pat\u00e8re murale enfant b\u00e9b\u00e9<\/p>\n","protected":false},"excerpt":{"rendered":"<p>Portemanteaux Pat\u00e8res \u00e9conomiques pour enfants et crochets muraux en r\u00e9sine plastique s\u00e9rigraphi\u00e9e ou color\u00e9e. Ce mod\u00e8le particulier est le MOD 9056 porte-manteau abs blanc fleurs couleurs | pat\u00e8re murale enfant b\u00e9b\u00e9<\/p>\n","protected":false},"featured_media":410175,"template":"","meta":{"_joinchat":[]},"product_brand":[],"product_cat":[5355,5357,1007],"product_tag":[],"class_list":{"0":"post-322117","1":"product","2":"type-product","3":"status-publish","4":"has-post-thumbnail","6":"product_cat-ofertas","7":"product_cat-ofertas-fr","8":"product_cat-portemanteaux-muraux-patere-mural","9":"pa_color-blanc-poignees-boutons-pieds-meuble-portamanteaux-mur-porte","10":"pa_tendencia-portemanteau-patere-mur-enfants","12":"first","13":"instock","14":"sale","15":"taxable","16":"shipping-taxable","17":"purchasable","18":"product-type-variable","19":"has-default-attributes","20":"wvs-archive-product-wrapper"},"_links":{"self":[{"href":"https:\/\/www.pomoline.com\/fr\/wp-json\/wp\/v2\/product\/322117","targetHints":{"allow":["GET"]}}],"collection":[{"href":"https:\/\/www.pomoline.com\/fr\/wp-json\/wp\/v2\/product"}],"about":[{"href":"https:\/\/www.pomoline.com\/fr\/wp-json\/wp\/v2\/types\/product"}],"wp:featuredmedia":[{"embeddable":true,"href":"https:\/\/www.pomoline.com\/fr\/wp-json\/wp\/v2\/media\/410175"}],"wp:attachment":[{"href":"https:\/\/www.pomoline.com\/fr\/wp-json\/wp\/v2\/media?parent=322117"}],"wp:term":[{"taxonomy":"product_brand","embeddable":true,"href":"https:\/\/www.pomoline.com\/fr\/wp-json\/wp\/v2\/product_brand?post=322117"},{"taxonomy":"product_cat","embeddable":true,"href":"https:\/\/www.pomoline.com\/fr\/wp-json\/wp\/v2\/product_cat?post=322117"},{"taxonomy":"product_tag","embeddable":true,"href":"https:\/\/www.pomoline.com\/fr\/wp-json\/wp\/v2\/product_tag?post=322117"}],"curies":[{"name":"wp","href":"https:\/\/api.w.org\/{rel}","templated":true}]}}