{"id":322133,"date":"2024-04-27T12:46:50","date_gmt":"2024-04-27T10:46:50","guid":{"rendered":"https:\/\/www.pomoline.com\/web-pruebas\/producto\/percha-pared-abs-rosa-pomos-buhos-vertical\/"},"modified":"2025-03-14T00:07:23","modified_gmt":"2025-03-13T23:07:23","slug":"porte-manteaux-mural-abs-laque-rose-boutons-hibous-vertical","status":"publish","type":"product","link":"https:\/\/www.pomoline.com\/fr\/produit\/porte-manteaux-mural-abs-laque-rose-boutons-hibous-vertical\/","title":{"rendered":"PORTE-MANTEAUX MURAL ABS LAQU\u00c9 ROSE BOUTONS HIBOUS VERTICAL"},"content":{"rendered":"<p>Portemanteaux Pat\u00e8res \u00e9conomiques pour enfants et crochets muraux en r\u00e9sine plastique s\u00e9rigraphi\u00e9e ou color\u00e9e. Ce mod\u00e8le particulier est le MOD 9052 porte-manteaux mural abs laqu\u00e9 rose boutons hibous vertical<\/p>\n","protected":false},"excerpt":{"rendered":"<p>Portemanteaux Pat\u00e8res \u00e9conomiques pour enfants et crochets muraux en r\u00e9sine plastique s\u00e9rigraphi\u00e9e ou color\u00e9e. Ce mod\u00e8le particulier est le MOD 9052 porte-manteaux mural abs laqu\u00e9 rose boutons hibous vertical<\/p>\n","protected":false},"featured_media":410159,"template":"","meta":{"_joinchat":[]},"product_brand":[],"product_cat":[5355,5357,1007],"product_tag":[],"class_list":{"0":"post-322133","1":"product","2":"type-product","3":"status-publish","4":"has-post-thumbnail","6":"product_cat-ofertas","7":"product_cat-ofertas-fr","8":"product_cat-portemanteaux-muraux-patere-mural","9":"pa_color-rose-poignees-boutons-pieds-meuble-portamanteaux-mur-porte","10":"pa_tendencia-portemanteau-patere-mur-enfants","12":"first","13":"instock","14":"sale","15":"taxable","16":"shipping-taxable","17":"purchasable","18":"product-type-variable","19":"has-default-attributes","20":"wvs-archive-product-wrapper"},"_links":{"self":[{"href":"https:\/\/www.pomoline.com\/fr\/wp-json\/wp\/v2\/product\/322133","targetHints":{"allow":["GET"]}}],"collection":[{"href":"https:\/\/www.pomoline.com\/fr\/wp-json\/wp\/v2\/product"}],"about":[{"href":"https:\/\/www.pomoline.com\/fr\/wp-json\/wp\/v2\/types\/product"}],"wp:featuredmedia":[{"embeddable":true,"href":"https:\/\/www.pomoline.com\/fr\/wp-json\/wp\/v2\/media\/410159"}],"wp:attachment":[{"href":"https:\/\/www.pomoline.com\/fr\/wp-json\/wp\/v2\/media?parent=322133"}],"wp:term":[{"taxonomy":"product_brand","embeddable":true,"href":"https:\/\/www.pomoline.com\/fr\/wp-json\/wp\/v2\/product_brand?post=322133"},{"taxonomy":"product_cat","embeddable":true,"href":"https:\/\/www.pomoline.com\/fr\/wp-json\/wp\/v2\/product_cat?post=322133"},{"taxonomy":"product_tag","embeddable":true,"href":"https:\/\/www.pomoline.com\/fr\/wp-json\/wp\/v2\/product_tag?post=322133"}],"curies":[{"name":"wp","href":"https:\/\/api.w.org\/{rel}","templated":true}]}}