{"id":322229,"date":"2024-04-27T12:49:22","date_gmt":"2024-04-27T10:49:22","guid":{"rendered":"https:\/\/www.pomoline.com\/web-pruebas\/producto\/percha-pared-vintage-pomos-madera-lacada-pomos-usa-motor\/"},"modified":"2025-03-14T00:00:37","modified_gmt":"2025-03-13T23:00:37","slug":"porte-manteau-mural-vintage-boutons-bois-laque-boutons-usa-motor","status":"publish","type":"product","link":"https:\/\/www.pomoline.com\/fr\/produit\/porte-manteau-mural-vintage-boutons-bois-laque-boutons-usa-motor\/","title":{"rendered":"PORTE-MANTEAU MURAL VINTAGE BOUTONS BOIS LAQU\u00c9 BOUTONS USA MOTOR"},"content":{"rendered":"<p>Portemanteuax de mur en bois naturel teint\u00e9 et vieilli avec des designs r\u00e9tro et vintage. Ce mod\u00e8le particulier est le MOD 9028 cintre mural vintage boutons en bois laqu\u00e9 boutons de moteur usa<\/p>\n","protected":false},"excerpt":{"rendered":"<p>Portemanteuax de mur en bois naturel teint\u00e9 et vieilli avec des designs r\u00e9tro et vintage. Ce mod\u00e8le particulier est le MOD 9028 cintre mural vintage boutons en bois laqu\u00e9 boutons de moteur usa<\/p>\n","protected":false},"featured_media":410063,"template":"","meta":{"_joinchat":[]},"product_brand":[],"product_cat":[5355,5357,1007],"product_tag":[],"class_list":{"0":"post-322229","1":"product","2":"type-product","3":"status-publish","4":"has-post-thumbnail","6":"product_cat-ofertas","7":"product_cat-ofertas-fr","8":"product_cat-portemanteaux-muraux-patere-mural","9":"pa_color-hetre-naturel-poignees-boutons-pieds-meuble-portamanteaux-mur-porte","10":"pa_color-blanc-poignees-boutons-pieds-meuble-portamanteaux-mur-porte","11":"pa_color-miel-de-hetre-poignees-boutons-pieds-meuble-portamanteaux-mur-porte","12":"pa_color-noyer-poignees-boutons-pieds-meuble-portamanteaux-mur-porte","13":"pa_color-vieux-cerisier-poignees-boutons-pieds-meuble-portamanteaux-mur-porte","14":"pa_tendencia-portemanteaux-retro-mural-maison-decoration","16":"first","17":"instock","18":"sale","19":"taxable","20":"shipping-taxable","21":"purchasable","22":"product-type-variable","23":"has-default-attributes","24":"wvs-archive-product-wrapper"},"_links":{"self":[{"href":"https:\/\/www.pomoline.com\/fr\/wp-json\/wp\/v2\/product\/322229","targetHints":{"allow":["GET"]}}],"collection":[{"href":"https:\/\/www.pomoline.com\/fr\/wp-json\/wp\/v2\/product"}],"about":[{"href":"https:\/\/www.pomoline.com\/fr\/wp-json\/wp\/v2\/types\/product"}],"wp:featuredmedia":[{"embeddable":true,"href":"https:\/\/www.pomoline.com\/fr\/wp-json\/wp\/v2\/media\/410063"}],"wp:attachment":[{"href":"https:\/\/www.pomoline.com\/fr\/wp-json\/wp\/v2\/media?parent=322229"}],"wp:term":[{"taxonomy":"product_brand","embeddable":true,"href":"https:\/\/www.pomoline.com\/fr\/wp-json\/wp\/v2\/product_brand?post=322229"},{"taxonomy":"product_cat","embeddable":true,"href":"https:\/\/www.pomoline.com\/fr\/wp-json\/wp\/v2\/product_cat?post=322229"},{"taxonomy":"product_tag","embeddable":true,"href":"https:\/\/www.pomoline.com\/fr\/wp-json\/wp\/v2\/product_tag?post=322229"}],"curies":[{"name":"wp","href":"https:\/\/api.w.org\/{rel}","templated":true}]}}