{"id":322269,"date":"2024-04-27T12:50:30","date_gmt":"2024-04-27T10:50:30","guid":{"rendered":"https:\/\/www.pomoline.com\/web-pruebas\/producto\/tirador-pomo-puerta-redondo-con-base-de-85mm-acabado-niquel-sat\/"},"modified":"2025-03-13T23:57:46","modified_gmt":"2025-03-13T22:57:46","slug":"poignee-de-porte-ronde-base-de-85mm-finition-nickel-satine","status":"publish","type":"product","link":"https:\/\/www.pomoline.com\/fr\/produit\/poignee-de-porte-ronde-base-de-85mm-finition-nickel-satine\/","title":{"rendered":"POIGN\u00c9E DE PORTE RONDE BASE DE 85MM. FINITION NICKEL SATIN\u00c9"},"content":{"rendered":"<p>Boutons pivotants avec plaque pour portes int\u00e9rieures en bois. Nous avons des designs assortis dans notre section de poign\u00e9es de porte. Ce mod\u00e8le particulier est le MOD 901-57 poign\u00e9e de porte ronde base de 85mm. finition nickel satin\u00e9<\/p>\n","protected":false},"excerpt":{"rendered":"<p>Boutons pivotants avec plaque pour portes int\u00e9rieures en bois. Nous avons des designs assortis dans notre section de poign\u00e9es de porte. Ce mod\u00e8le particulier est le MOD 901-57 poign\u00e9e de porte ronde base de 85mm. finition nickel satin\u00e9<\/p>\n","protected":false},"featured_media":410023,"template":"","meta":{"_joinchat":[]},"product_brand":[],"product_cat":[5355,5357,1015],"product_tag":[],"class_list":{"0":"post-322269","1":"product","2":"type-product","3":"status-publish","4":"has-post-thumbnail","6":"product_cat-ofertas","7":"product_cat-ofertas-fr","8":"product_cat-poignees-de-porte","9":"pa_color-acier-inoxydable-poignees-boutons-pieds-meuble-portamanteaux-mur-porte","10":"pa_tendencia-boutons-porte-entree","12":"first","13":"instock","14":"sale","15":"taxable","16":"shipping-taxable","17":"purchasable","18":"product-type-variable","19":"has-default-attributes","20":"wvs-archive-product-wrapper"},"_links":{"self":[{"href":"https:\/\/www.pomoline.com\/fr\/wp-json\/wp\/v2\/product\/322269","targetHints":{"allow":["GET"]}}],"collection":[{"href":"https:\/\/www.pomoline.com\/fr\/wp-json\/wp\/v2\/product"}],"about":[{"href":"https:\/\/www.pomoline.com\/fr\/wp-json\/wp\/v2\/types\/product"}],"wp:featuredmedia":[{"embeddable":true,"href":"https:\/\/www.pomoline.com\/fr\/wp-json\/wp\/v2\/media\/410023"}],"wp:attachment":[{"href":"https:\/\/www.pomoline.com\/fr\/wp-json\/wp\/v2\/media?parent=322269"}],"wp:term":[{"taxonomy":"product_brand","embeddable":true,"href":"https:\/\/www.pomoline.com\/fr\/wp-json\/wp\/v2\/product_brand?post=322269"},{"taxonomy":"product_cat","embeddable":true,"href":"https:\/\/www.pomoline.com\/fr\/wp-json\/wp\/v2\/product_cat?post=322269"},{"taxonomy":"product_tag","embeddable":true,"href":"https:\/\/www.pomoline.com\/fr\/wp-json\/wp\/v2\/product_tag?post=322269"}],"curies":[{"name":"wp","href":"https:\/\/api.w.org\/{rel}","templated":true}]}}