{"id":322277,"date":"2024-04-27T12:50:42","date_gmt":"2024-04-27T10:50:42","guid":{"rendered":"https:\/\/www.pomoline.com\/web-pruebas\/producto\/percha-lacado-pomos-cromo-mate-perchero-colgador\/"},"modified":"2025-03-13T23:57:12","modified_gmt":"2025-03-13T22:57:12","slug":"porte-manteau-lacque-boutons-chromes-mat-crochet-portemanteaux","status":"publish","type":"product","link":"https:\/\/www.pomoline.com\/fr\/produit\/porte-manteau-lacque-boutons-chromes-mat-crochet-portemanteaux\/","title":{"rendered":"PORTE MANTEAU LACQU\u00c9 BOUTONS CHROM\u00c9S MAT | CROCHET PORTEMANTEAUX"},"content":{"rendered":"<p>Portemanteaux Pat\u00e8res et crochets pour montage mural. Fait de bois et de m\u00e9tal avec de tr\u00e8s jolis motifs classiques et modernes pour la d\u00e9coration de la maison. Ce mod\u00e8le particulier est le MOD 9014 porte manteau lacqu\u00e9 boutons chrom\u00e9s mat | crochet porte<\/p>\n","protected":false},"excerpt":{"rendered":"<p>Portemanteaux Pat\u00e8res et crochets pour montage mural. Fait de bois et de m\u00e9tal avec de tr\u00e8s jolis motifs classiques et modernes pour la d\u00e9coration de la maison. Ce mod\u00e8le particulier est le MOD 9014 porte manteau lacqu\u00e9 boutons chrom\u00e9s mat | crochet porte<\/p>\n","protected":false},"featured_media":410015,"template":"","meta":{"_joinchat":[]},"product_brand":[],"product_cat":[5355,5357,1007],"product_tag":[],"class_list":{"0":"post-322277","1":"product","2":"type-product","3":"status-publish","4":"has-post-thumbnail","6":"product_cat-ofertas","7":"product_cat-ofertas-fr","8":"product_cat-portemanteaux-muraux-patere-mural","9":"pa_color-noir-poignees-boutons-pieds-meuble-portamanteaux-mur-porte","10":"pa_color-hetre-naturel-poignees-boutons-pieds-meuble-portamanteaux-mur-porte","11":"pa_color-blanc-poignees-boutons-pieds-meuble-portamanteaux-mur-porte","12":"pa_color-miel-de-hetre-poignees-boutons-pieds-meuble-portamanteaux-mur-porte","13":"pa_color-or-poignees-boutons-pieds-meuble-portamanteaux-mur-porte","14":"pa_color-wengue-poignees-boutons-pieds-meuble-portamanteaux-mur-porte","15":"pa_tendencia-portemanteaux-moderne-mural-maison-decoration","17":"first","18":"instock","19":"sale","20":"taxable","21":"shipping-taxable","22":"purchasable","23":"product-type-variable","24":"has-default-attributes","25":"wvs-archive-product-wrapper"},"_links":{"self":[{"href":"https:\/\/www.pomoline.com\/fr\/wp-json\/wp\/v2\/product\/322277","targetHints":{"allow":["GET"]}}],"collection":[{"href":"https:\/\/www.pomoline.com\/fr\/wp-json\/wp\/v2\/product"}],"about":[{"href":"https:\/\/www.pomoline.com\/fr\/wp-json\/wp\/v2\/types\/product"}],"wp:featuredmedia":[{"embeddable":true,"href":"https:\/\/www.pomoline.com\/fr\/wp-json\/wp\/v2\/media\/410015"}],"wp:attachment":[{"href":"https:\/\/www.pomoline.com\/fr\/wp-json\/wp\/v2\/media?parent=322277"}],"wp:term":[{"taxonomy":"product_brand","embeddable":true,"href":"https:\/\/www.pomoline.com\/fr\/wp-json\/wp\/v2\/product_brand?post=322277"},{"taxonomy":"product_cat","embeddable":true,"href":"https:\/\/www.pomoline.com\/fr\/wp-json\/wp\/v2\/product_cat?post=322277"},{"taxonomy":"product_tag","embeddable":true,"href":"https:\/\/www.pomoline.com\/fr\/wp-json\/wp\/v2\/product_tag?post=322277"}],"curies":[{"name":"wp","href":"https:\/\/api.w.org\/{rel}","templated":true}]}}