{"id":322281,"date":"2024-04-27T12:50:49","date_gmt":"2024-04-27T10:50:49","guid":{"rendered":"https:\/\/www.pomoline.com\/web-pruebas\/producto\/percha-lacado-pomos-niquel-base-madera-perchero-colgador\/"},"modified":"2025-03-13T23:56:57","modified_gmt":"2025-03-13T22:56:57","slug":"porte-manteau-lacque-boutons-niquel-noir-base-bois-portemanteaux","status":"publish","type":"product","link":"https:\/\/www.pomoline.com\/fr\/produit\/porte-manteau-lacque-boutons-niquel-noir-base-bois-portemanteaux\/","title":{"rendered":"PORTE MANTEAU LACQU\u00c9 BOUTONS NIQUEL NOIR BASE BOIS PORTEMANTEAUX"},"content":{"rendered":"<p>Portemanteaux Pat\u00e8res et crochets pour montage mural. Fait de bois et de m\u00e9tal avec de tr\u00e8s jolis motifs classiques et modernes pour la d\u00e9coration de la maison. Ce mod\u00e8le particulier est le MOD 9013 porte manteau lacqu\u00e9 boutons niquel noir base bois porte<\/p>\n","protected":false},"excerpt":{"rendered":"<p>Portemanteaux Pat\u00e8res et crochets pour montage mural. Fait de bois et de m\u00e9tal avec de tr\u00e8s jolis motifs classiques et modernes pour la d\u00e9coration de la maison. Ce mod\u00e8le particulier est le MOD 9013 porte manteau lacqu\u00e9 boutons niquel noir base bois porte<\/p>\n","protected":false},"featured_media":410011,"template":"","meta":{"_joinchat":[]},"product_brand":[],"product_cat":[5355,5357,1007],"product_tag":[],"class_list":{"0":"post-322281","1":"product","2":"type-product","3":"status-publish","4":"has-post-thumbnail","6":"product_cat-ofertas","7":"product_cat-ofertas-fr","8":"product_cat-portemanteaux-muraux-patere-mural","9":"pa_color-noir-poignees-boutons-pieds-meuble-portamanteaux-mur-porte","10":"pa_color-hetre-naturel-poignees-boutons-pieds-meuble-portamanteaux-mur-porte","11":"pa_color-blanc-poignees-boutons-pieds-meuble-portamanteaux-mur-porte","12":"pa_color-miel-de-hetre-poignees-boutons-pieds-meuble-portamanteaux-mur-porte","13":"pa_color-noyer-poignees-boutons-pieds-meuble-portamanteaux-mur-porte","14":"pa_color-vieil-argent-poignees-boutons-pieds-meuble-portamanteaux-mur-porte","15":"pa_color-vieux-cerisier-poignees-boutons-pieds-meuble-portamanteaux-mur-porte","16":"pa_color-vieux-hetre-poignees-boutons-pieds-meuble-portamanteaux-mur-porte","17":"pa_color-wengue-poignees-boutons-pieds-meuble-portamanteaux-mur-porte","18":"pa_tendencia-portemanteaux-moderne-mural-maison-decoration","19":"pa_tendencia-portemanteaux-classique-mural-maison-decoration","21":"first","22":"instock","23":"sale","24":"taxable","25":"shipping-taxable","26":"purchasable","27":"product-type-variable","28":"has-default-attributes","29":"wvs-archive-product-wrapper"},"_links":{"self":[{"href":"https:\/\/www.pomoline.com\/fr\/wp-json\/wp\/v2\/product\/322281","targetHints":{"allow":["GET"]}}],"collection":[{"href":"https:\/\/www.pomoline.com\/fr\/wp-json\/wp\/v2\/product"}],"about":[{"href":"https:\/\/www.pomoline.com\/fr\/wp-json\/wp\/v2\/types\/product"}],"wp:featuredmedia":[{"embeddable":true,"href":"https:\/\/www.pomoline.com\/fr\/wp-json\/wp\/v2\/media\/410011"}],"wp:attachment":[{"href":"https:\/\/www.pomoline.com\/fr\/wp-json\/wp\/v2\/media?parent=322281"}],"wp:term":[{"taxonomy":"product_brand","embeddable":true,"href":"https:\/\/www.pomoline.com\/fr\/wp-json\/wp\/v2\/product_brand?post=322281"},{"taxonomy":"product_cat","embeddable":true,"href":"https:\/\/www.pomoline.com\/fr\/wp-json\/wp\/v2\/product_cat?post=322281"},{"taxonomy":"product_tag","embeddable":true,"href":"https:\/\/www.pomoline.com\/fr\/wp-json\/wp\/v2\/product_tag?post=322281"}],"curies":[{"name":"wp","href":"https:\/\/api.w.org\/{rel}","templated":true}]}}