{"id":322297,"date":"2024-04-27T12:51:25","date_gmt":"2024-04-27T10:51:25","guid":{"rendered":"https:\/\/www.pomoline.com\/web-pruebas\/producto\/alzapanos-gancho-pared-cromado\/"},"modified":"2025-03-13T23:55:49","modified_gmt":"2025-03-13T22:55:49","slug":"chrome-patere-crochet-mural","status":"publish","type":"product","link":"https:\/\/www.pomoline.com\/fr\/produit\/chrome-patere-crochet-mural\/","title":{"rendered":"CHROME PATERE CROCHET MURAL"},"content":{"rendered":"<p>Crochets et agrafes en m\u00e9tal \u00e0 fixer au mur ou \u00e0 la porte au moyen des vis et des goujons inclus dans le sac. C&rsquo;est un cintre individuel qui supporte le poids et qui est tr\u00e8s beau. Ce mod\u00e8le particulier est le MOD 9008 chrome patere crochet mural<\/p>\n","protected":false},"excerpt":{"rendered":"<p>Crochets et agrafes en m\u00e9tal \u00e0 fixer au mur ou \u00e0 la porte au moyen des vis et des goujons inclus dans le sac. C&rsquo;est un cintre individuel qui supporte le poids et qui est tr\u00e8s beau. Ce mod\u00e8le particulier est le MOD 9008 chrome patere crochet mural<\/p>\n","protected":false},"featured_media":409995,"template":"","meta":{"_joinchat":[]},"product_brand":[],"product_cat":[1007],"product_tag":[],"class_list":{"0":"post-322297","1":"product","2":"type-product","3":"status-publish","4":"has-post-thumbnail","6":"product_cat-portemanteaux-muraux-patere-mural","7":"pa_color-chrome-poignees-boutons-pieds-meuble-portamanteaux-mur-porte","8":"pa_color-chrome-mat-poignees-boutons-pieds-meuble-portamanteaux-mur-porte","9":"pa_color-or-poignees-boutons-pieds-meuble-portamanteaux-mur-porte","10":"pa_color-vieux-laiton-poignees-boutons-pieds-meuble-portamanteaux-mur-porte","11":"pa_tendencia-patere-crochet-mural","13":"first","14":"instock","15":"taxable","16":"shipping-taxable","17":"purchasable","18":"product-type-variable","19":"has-default-attributes","20":"wvs-archive-product-wrapper"},"_links":{"self":[{"href":"https:\/\/www.pomoline.com\/fr\/wp-json\/wp\/v2\/product\/322297","targetHints":{"allow":["GET"]}}],"collection":[{"href":"https:\/\/www.pomoline.com\/fr\/wp-json\/wp\/v2\/product"}],"about":[{"href":"https:\/\/www.pomoline.com\/fr\/wp-json\/wp\/v2\/types\/product"}],"wp:featuredmedia":[{"embeddable":true,"href":"https:\/\/www.pomoline.com\/fr\/wp-json\/wp\/v2\/media\/409995"}],"wp:attachment":[{"href":"https:\/\/www.pomoline.com\/fr\/wp-json\/wp\/v2\/media?parent=322297"}],"wp:term":[{"taxonomy":"product_brand","embeddable":true,"href":"https:\/\/www.pomoline.com\/fr\/wp-json\/wp\/v2\/product_brand?post=322297"},{"taxonomy":"product_cat","embeddable":true,"href":"https:\/\/www.pomoline.com\/fr\/wp-json\/wp\/v2\/product_cat?post=322297"},{"taxonomy":"product_tag","embeddable":true,"href":"https:\/\/www.pomoline.com\/fr\/wp-json\/wp\/v2\/product_tag?post=322297"}],"curies":[{"name":"wp","href":"https:\/\/api.w.org\/{rel}","templated":true}]}}