{"id":322345,"date":"2024-04-27T12:52:47","date_gmt":"2024-04-27T10:52:47","guid":{"rendered":"https:\/\/www.pomoline.com\/web-pruebas\/producto\/tirador-asa-160-pintura-negro-mate-armario-cocina-cajon\/"},"modified":"2025-03-13T23:52:31","modified_gmt":"2025-03-13T22:52:31","slug":"poignee-160-peint-noir-mat-armoire-cuisine","status":"publish","type":"product","link":"https:\/\/www.pomoline.com\/fr\/produit\/poignee-160-peint-noir-mat-armoire-cuisine\/","title":{"rendered":"POIGN\u00c9E 160 PEINT NOIR MAT ARMOIRE CUISINE"},"content":{"rendered":"<p>Poign\u00e9e de meuble moderne en m\u00e9tal peint noir mat ou blanc, disponible en deux tailles entre axes 160mm et 192mm, parfaite pour les meubles de cuisine et de salon, de haute qualit\u00e9 et fabriqu\u00e9e en Europe, offre un look moderne et se combine avec les autre<\/p>\n","protected":false},"excerpt":{"rendered":"<p>Poign\u00e9e de meuble moderne en m\u00e9tal peint noir mat ou blanc, disponible en deux tailles entre axes 160mm et 192mm, parfaite pour les meubles de cuisine et de salon, de haute qualit\u00e9 et fabriqu\u00e9e en Europe, offre un look moderne et se combine avec les autre<\/p>\n","protected":false},"featured_media":409947,"template":"","meta":{"_joinchat":[]},"product_brand":[],"product_cat":[5189,959,3484],"product_tag":[],"class_list":{"0":"post-322345","1":"product","2":"type-product","3":"status-publish","4":"has-post-thumbnail","6":"product_cat-boutons-et-poignees-tiroir-meuble","7":"product_cat-poignees-de-cuisine-modernes","8":"product_cat-poignees-boutons-noir-meuble-industriel","9":"pa_color-noir-poignees-boutons-pieds-meuble-portamanteaux-mur-porte","10":"pa_color-blanc-poignees-boutons-pieds-meuble-portamanteaux-mur-porte","11":"pa_distancia-agujeros-tornillos-poignees-160-mm-entre-trous-de-vis-tiroir-porte-meuble","12":"pa_distancia-agujeros-tornillos-poignees-192-mm-entre-trous-de-vis-tiroir-porte-meuble","13":"pa_tendencia-poignees-meuble-cuisine","15":"first","16":"instock","17":"taxable","18":"shipping-taxable","19":"purchasable","20":"product-type-variable","21":"has-default-attributes","22":"wvs-archive-product-wrapper"},"_links":{"self":[{"href":"https:\/\/www.pomoline.com\/fr\/wp-json\/wp\/v2\/product\/322345","targetHints":{"allow":["GET"]}}],"collection":[{"href":"https:\/\/www.pomoline.com\/fr\/wp-json\/wp\/v2\/product"}],"about":[{"href":"https:\/\/www.pomoline.com\/fr\/wp-json\/wp\/v2\/types\/product"}],"wp:featuredmedia":[{"embeddable":true,"href":"https:\/\/www.pomoline.com\/fr\/wp-json\/wp\/v2\/media\/409947"}],"wp:attachment":[{"href":"https:\/\/www.pomoline.com\/fr\/wp-json\/wp\/v2\/media?parent=322345"}],"wp:term":[{"taxonomy":"product_brand","embeddable":true,"href":"https:\/\/www.pomoline.com\/fr\/wp-json\/wp\/v2\/product_brand?post=322345"},{"taxonomy":"product_cat","embeddable":true,"href":"https:\/\/www.pomoline.com\/fr\/wp-json\/wp\/v2\/product_cat?post=322345"},{"taxonomy":"product_tag","embeddable":true,"href":"https:\/\/www.pomoline.com\/fr\/wp-json\/wp\/v2\/product_tag?post=322345"}],"curies":[{"name":"wp","href":"https:\/\/api.w.org\/{rel}","templated":true}]}}