{"id":322353,"date":"2024-04-27T12:52:56","date_gmt":"2024-04-27T10:52:56","guid":{"rendered":"https:\/\/www.pomoline.com\/web-pruebas\/producto\/asa-tirador-empotable-varios-acabados-para-cajon-y-armario\/"},"modified":"2025-03-13T23:51:57","modified_gmt":"2025-03-13T22:51:57","slug":"poignee-encastree-plusieurs-finis-pour-tiroir-et-placard","status":"publish","type":"product","link":"https:\/\/www.pomoline.com\/fr\/produit\/poignee-encastree-plusieurs-finis-pour-tiroir-et-placard\/","title":{"rendered":"POIGN\u00c9E ENCASTR\u00c9E PLUSIEURS FINIS POUR TIROIR ET PLACARD"},"content":{"rendered":"<p>Poign\u00e9es pour porte d&rsquo;armoire et tiroir int\u00e9rieur avec tous les accessoires de montage n\u00e9cessaires et avec une tr\u00e8s bonne finition m\u00e9tallique. Ce mod\u00e8le particulier est le MOD 885 poign\u00e9e encastr\u00e9e plusieurs finis pour tiroir et placard<\/p>\n","protected":false},"excerpt":{"rendered":"<p>Poign\u00e9es pour porte d&rsquo;armoire et tiroir int\u00e9rieur avec tous les accessoires de montage n\u00e9cessaires et avec une tr\u00e8s bonne finition m\u00e9tallique. Ce mod\u00e8le particulier est le MOD 885 poign\u00e9e encastr\u00e9e plusieurs finis pour tiroir et placard<\/p>\n","protected":false},"featured_media":409939,"template":"","meta":{"_joinchat":[]},"product_brand":[],"product_cat":[1015],"product_tag":[],"class_list":{"0":"post-322353","1":"product","2":"type-product","3":"status-publish","4":"has-post-thumbnail","6":"product_cat-poignees-de-porte","7":"pa_color-laiton-brosse-poignees-boutons-pieds-meuble-portamanteaux-mur-porte","8":"pa_color-acier-inoxydable-poignees-boutons-pieds-meuble-portamanteaux-mur-porte","9":"pa_color-chrome-mat-poignees-boutons-pieds-meuble-portamanteaux-mur-porte","10":"pa_distancia-agujeros-tornillos-poignees-64-mm-entre-trous-de-vis-tiroir-porte-meuble","11":"pa_tendencia-poignees-armoire","13":"first","14":"instock","15":"taxable","16":"shipping-taxable","17":"purchasable","18":"product-type-variable","19":"has-default-attributes","20":"wvs-archive-product-wrapper"},"_links":{"self":[{"href":"https:\/\/www.pomoline.com\/fr\/wp-json\/wp\/v2\/product\/322353","targetHints":{"allow":["GET"]}}],"collection":[{"href":"https:\/\/www.pomoline.com\/fr\/wp-json\/wp\/v2\/product"}],"about":[{"href":"https:\/\/www.pomoline.com\/fr\/wp-json\/wp\/v2\/types\/product"}],"wp:featuredmedia":[{"embeddable":true,"href":"https:\/\/www.pomoline.com\/fr\/wp-json\/wp\/v2\/media\/409939"}],"wp:attachment":[{"href":"https:\/\/www.pomoline.com\/fr\/wp-json\/wp\/v2\/media?parent=322353"}],"wp:term":[{"taxonomy":"product_brand","embeddable":true,"href":"https:\/\/www.pomoline.com\/fr\/wp-json\/wp\/v2\/product_brand?post=322353"},{"taxonomy":"product_cat","embeddable":true,"href":"https:\/\/www.pomoline.com\/fr\/wp-json\/wp\/v2\/product_cat?post=322353"},{"taxonomy":"product_tag","embeddable":true,"href":"https:\/\/www.pomoline.com\/fr\/wp-json\/wp\/v2\/product_tag?post=322353"}],"curies":[{"name":"wp","href":"https:\/\/api.w.org\/{rel}","templated":true}]}}