{"id":322389,"date":"2024-04-27T12:53:45","date_gmt":"2024-04-27T10:53:45","guid":{"rendered":"https:\/\/www.pomoline.com\/web-pruebas\/producto\/tirador-aluminio-anodizado-mate-herrajes-mueble-cocina-298x10x36mm\/"},"modified":"2025-03-13T23:49:22","modified_gmt":"2025-03-13T22:49:22","slug":"poignee-aluminium-anodise-mat-porte-meuble-cuisine-298x10x36mm","status":"publish","type":"product","link":"https:\/\/www.pomoline.com\/fr\/produit\/poignee-aluminium-anodise-mat-porte-meuble-cuisine-298x10x36mm\/","title":{"rendered":"POIGN\u00c9E ALUMINIUM ANODIS\u00c9 MAT | PORTE MEUBLE CUISINE 298x10x36mm"},"content":{"rendered":"<p>Poign\u00e9es en profil\u00e9 d\u2019aluminium aux designs tr\u00e8s modernes qui s\u2019accordent parfaitement avec les nouveaux meubles et armoires de cuisine. Il existe des poign\u00e9es avec les distances entre les centres de vis plus communs tels que 64, 96, 128, 160, 192, 224, m<\/p>\n","protected":false},"excerpt":{"rendered":"<p>Poign\u00e9es en profil\u00e9 d\u2019aluminium aux designs tr\u00e8s modernes qui s\u2019accordent parfaitement avec les nouveaux meubles et armoires de cuisine. Il existe des poign\u00e9es avec les distances entre les centres de vis plus communs tels que 64, 96, 128, 160, 192, 224, m<\/p>\n","protected":false},"featured_media":409903,"template":"","meta":{"_joinchat":[]},"product_brand":[],"product_cat":[5189,959],"product_tag":[],"class_list":{"0":"post-322389","1":"product","2":"type-product","3":"status-publish","4":"has-post-thumbnail","6":"product_cat-boutons-et-poignees-tiroir-meuble","7":"product_cat-poignees-de-cuisine-modernes","8":"pa_color-mate-aluminium-poignees-boutons-pieds-meuble-portamanteaux-mur-porte","9":"pa_distancia-agujeros-tornillos-poignees-160-mm-entre-trous-de-vis-tiroir-porte-meuble","10":"pa_tendencia-poignees-aluminium-meuble-cuisine","12":"first","13":"outofstock","14":"taxable","15":"shipping-taxable","16":"purchasable","17":"product-type-variable","18":"has-default-attributes","19":"wvs-archive-product-wrapper"},"_links":{"self":[{"href":"https:\/\/www.pomoline.com\/fr\/wp-json\/wp\/v2\/product\/322389","targetHints":{"allow":["GET"]}}],"collection":[{"href":"https:\/\/www.pomoline.com\/fr\/wp-json\/wp\/v2\/product"}],"about":[{"href":"https:\/\/www.pomoline.com\/fr\/wp-json\/wp\/v2\/types\/product"}],"wp:featuredmedia":[{"embeddable":true,"href":"https:\/\/www.pomoline.com\/fr\/wp-json\/wp\/v2\/media\/409903"}],"wp:attachment":[{"href":"https:\/\/www.pomoline.com\/fr\/wp-json\/wp\/v2\/media?parent=322389"}],"wp:term":[{"taxonomy":"product_brand","embeddable":true,"href":"https:\/\/www.pomoline.com\/fr\/wp-json\/wp\/v2\/product_brand?post=322389"},{"taxonomy":"product_cat","embeddable":true,"href":"https:\/\/www.pomoline.com\/fr\/wp-json\/wp\/v2\/product_cat?post=322389"},{"taxonomy":"product_tag","embeddable":true,"href":"https:\/\/www.pomoline.com\/fr\/wp-json\/wp\/v2\/product_tag?post=322389"}],"curies":[{"name":"wp","href":"https:\/\/api.w.org\/{rel}","templated":true}]}}