{"id":322397,"date":"2024-04-27T12:53:54","date_gmt":"2024-04-27T10:53:54","guid":{"rendered":"https:\/\/www.pomoline.com\/web-pruebas\/producto\/tirador-asa-cromo-herrajes-mueble-cocina-112x8mm-96mm\/"},"modified":"2025-03-13T23:48:48","modified_gmt":"2025-03-13T22:48:48","slug":"poignee-chrome-porte-meuble-cuisine-112x8mm-96mm","status":"publish","type":"product","link":"https:\/\/www.pomoline.com\/fr\/produit\/poignee-chrome-porte-meuble-cuisine-112x8mm-96mm\/","title":{"rendered":"POIGN\u00c9E CHROM\u00c9 | PORTE MEUBLE CUISINE 112x8MM | 96MM"},"content":{"rendered":"<p>Nous proposons des poign\u00e9es en m\u00e9tal pour portes et armoires de cuisine avec des finitions chrome mat, nickel et acier. Les conceptions sont exclusives et tr\u00e8s actuelles, id\u00e9ales pour le montage dans des tiroirs. Ce mod\u00e8le particulier est le MOD 868 poign<\/p>\n","protected":false},"excerpt":{"rendered":"<p>Nous proposons des poign\u00e9es en m\u00e9tal pour portes et armoires de cuisine avec des finitions chrome mat, nickel et acier. Les conceptions sont exclusives et tr\u00e8s actuelles, id\u00e9ales pour le montage dans des tiroirs. Ce mod\u00e8le particulier est le MOD 868 poign<\/p>\n","protected":false},"featured_media":409895,"template":"","meta":{"_joinchat":[]},"product_brand":[],"product_cat":[5189,959],"product_tag":[],"class_list":{"0":"post-322397","1":"product","2":"type-product","3":"status-publish","4":"has-post-thumbnail","6":"product_cat-boutons-et-poignees-tiroir-meuble","7":"product_cat-poignees-de-cuisine-modernes","8":"pa_color-chrome-poignees-boutons-pieds-meuble-portamanteaux-mur-porte","9":"pa_color-chrome-mat-poignees-boutons-pieds-meuble-portamanteaux-mur-porte","10":"pa_color-nickel-matte-poignees-boutons-pieds-meuble-portamanteaux-mur-porte","11":"pa_distancia-agujeros-tornillos-poignees-96-mm-entre-trous-de-vis-tiroir-porte-meuble","12":"pa_distancia-agujeros-tornillos-poignees-128-mm-entre-trous-de-vis-tiroir-porte-meuble","13":"pa_tendencia-poignee-tiroir-meuble-contemporain","15":"first","16":"instock","17":"taxable","18":"shipping-taxable","19":"purchasable","20":"product-type-variable","21":"has-default-attributes","22":"wvs-archive-product-wrapper"},"_links":{"self":[{"href":"https:\/\/www.pomoline.com\/fr\/wp-json\/wp\/v2\/product\/322397","targetHints":{"allow":["GET"]}}],"collection":[{"href":"https:\/\/www.pomoline.com\/fr\/wp-json\/wp\/v2\/product"}],"about":[{"href":"https:\/\/www.pomoline.com\/fr\/wp-json\/wp\/v2\/types\/product"}],"wp:featuredmedia":[{"embeddable":true,"href":"https:\/\/www.pomoline.com\/fr\/wp-json\/wp\/v2\/media\/409895"}],"wp:attachment":[{"href":"https:\/\/www.pomoline.com\/fr\/wp-json\/wp\/v2\/media?parent=322397"}],"wp:term":[{"taxonomy":"product_brand","embeddable":true,"href":"https:\/\/www.pomoline.com\/fr\/wp-json\/wp\/v2\/product_brand?post=322397"},{"taxonomy":"product_cat","embeddable":true,"href":"https:\/\/www.pomoline.com\/fr\/wp-json\/wp\/v2\/product_cat?post=322397"},{"taxonomy":"product_tag","embeddable":true,"href":"https:\/\/www.pomoline.com\/fr\/wp-json\/wp\/v2\/product_tag?post=322397"}],"curies":[{"name":"wp","href":"https:\/\/api.w.org\/{rel}","templated":true}]}}