{"id":322401,"date":"2024-04-27T12:54:00","date_gmt":"2024-04-27T10:54:00","guid":{"rendered":"https:\/\/www.pomoline.com\/web-pruebas\/producto\/asa-cromo-brillo-tiradores-pomos-metal-mueble\/"},"modified":"2025-03-13T23:48:32","modified_gmt":"2025-03-13T22:48:32","slug":"poignee-chrome-brillant-metal-boutons-meuble","status":"publish","type":"product","link":"https:\/\/www.pomoline.com\/fr\/produit\/poignee-chrome-brillant-metal-boutons-meuble\/","title":{"rendered":"POIGN\u00c9E CHROME BRILLANT | METAL BOUTONS MEUBLE"},"content":{"rendered":"<p>Nous proposons des poign\u00e9es en m\u00e9tal pour portes et armoires de cuisine avec des finitions chrome mat, nickel et acier. Les conceptions sont exclusives et tr\u00e8s actuelles, id\u00e9ales pour le montage dans des tiroirs. Ce mod\u00e8le particulier est le MOD 867 poign<\/p>\n","protected":false},"excerpt":{"rendered":"<p>Nous proposons des poign\u00e9es en m\u00e9tal pour portes et armoires de cuisine avec des finitions chrome mat, nickel et acier. Les conceptions sont exclusives et tr\u00e8s actuelles, id\u00e9ales pour le montage dans des tiroirs. Ce mod\u00e8le particulier est le MOD 867 poign<\/p>\n","protected":false},"featured_media":409891,"template":"","meta":{"_joinchat":[]},"product_brand":[],"product_cat":[5189,959],"product_tag":[],"class_list":{"0":"post-322401","1":"product","2":"type-product","3":"status-publish","4":"has-post-thumbnail","6":"product_cat-boutons-et-poignees-tiroir-meuble","7":"product_cat-poignees-de-cuisine-modernes","8":"pa_color-chrome-mat-poignees-boutons-pieds-meuble-portamanteaux-mur-porte","9":"pa_color-nickel-matte-poignees-boutons-pieds-meuble-portamanteaux-mur-porte","10":"pa_color-or-poignees-boutons-pieds-meuble-portamanteaux-mur-porte","11":"pa_distancia-agujeros-tornillos-poignees-96-mm-entre-trous-de-vis-tiroir-porte-meuble","12":"pa_distancia-agujeros-tornillos-poignees-128-mm-entre-trous-de-vis-tiroir-porte-meuble","13":"pa_tendencia-poignee-tiroir-meuble-contemporain","15":"first","16":"instock","17":"taxable","18":"shipping-taxable","19":"purchasable","20":"product-type-variable","21":"has-default-attributes","22":"wvs-archive-product-wrapper"},"_links":{"self":[{"href":"https:\/\/www.pomoline.com\/fr\/wp-json\/wp\/v2\/product\/322401","targetHints":{"allow":["GET"]}}],"collection":[{"href":"https:\/\/www.pomoline.com\/fr\/wp-json\/wp\/v2\/product"}],"about":[{"href":"https:\/\/www.pomoline.com\/fr\/wp-json\/wp\/v2\/types\/product"}],"wp:featuredmedia":[{"embeddable":true,"href":"https:\/\/www.pomoline.com\/fr\/wp-json\/wp\/v2\/media\/409891"}],"wp:attachment":[{"href":"https:\/\/www.pomoline.com\/fr\/wp-json\/wp\/v2\/media?parent=322401"}],"wp:term":[{"taxonomy":"product_brand","embeddable":true,"href":"https:\/\/www.pomoline.com\/fr\/wp-json\/wp\/v2\/product_brand?post=322401"},{"taxonomy":"product_cat","embeddable":true,"href":"https:\/\/www.pomoline.com\/fr\/wp-json\/wp\/v2\/product_cat?post=322401"},{"taxonomy":"product_tag","embeddable":true,"href":"https:\/\/www.pomoline.com\/fr\/wp-json\/wp\/v2\/product_tag?post=322401"}],"curies":[{"name":"wp","href":"https:\/\/api.w.org\/{rel}","templated":true}]}}