{"id":322405,"date":"2024-04-27T12:54:06","date_gmt":"2024-04-27T10:54:06","guid":{"rendered":"https:\/\/www.pomoline.com\/web-pruebas\/producto\/tirador-embutir-metal-cromo-brillo-puerta-armario-92x31mm\/"},"modified":"2025-03-13T23:48:14","modified_gmt":"2025-03-13T22:48:14","slug":"poignee-chrome-inlay-porte-armoire-92x31mm","status":"publish","type":"product","link":"https:\/\/www.pomoline.com\/fr\/produit\/poignee-chrome-inlay-porte-armoire-92x31mm\/","title":{"rendered":"POIGNEE CHROME INLAY PORTE ARMOIRE 92X31MM"},"content":{"rendered":"<p>Poign\u00e9es pour porte d&rsquo;armoire et tiroir int\u00e9rieur avec tous les accessoires de montage n\u00e9cessaires et avec une tr\u00e8s bonne finition m\u00e9tallique. Ce mod\u00e8le particulier est le MOD 866 ARM poignee chrome inlay porte armoire 92x31mm<\/p>\n","protected":false},"excerpt":{"rendered":"<p>Poign\u00e9es pour porte d&rsquo;armoire et tiroir int\u00e9rieur avec tous les accessoires de montage n\u00e9cessaires et avec une tr\u00e8s bonne finition m\u00e9tallique. Ce mod\u00e8le particulier est le MOD 866 ARM poignee chrome inlay porte armoire 92x31mm<\/p>\n","protected":false},"featured_media":409887,"template":"","meta":{"_joinchat":[]},"product_brand":[],"product_cat":[1015],"product_tag":[],"class_list":{"0":"post-322405","1":"product","2":"type-product","3":"status-publish","4":"has-post-thumbnail","6":"product_cat-poignees-de-porte","7":"pa_color-chrome-mat-poignees-boutons-pieds-meuble-portamanteaux-mur-porte","8":"pa_tendencia-poignees-armoire","10":"first","11":"instock","12":"taxable","13":"shipping-taxable","14":"purchasable","15":"product-type-variable","16":"has-default-attributes","17":"wvs-archive-product-wrapper"},"_links":{"self":[{"href":"https:\/\/www.pomoline.com\/fr\/wp-json\/wp\/v2\/product\/322405","targetHints":{"allow":["GET"]}}],"collection":[{"href":"https:\/\/www.pomoline.com\/fr\/wp-json\/wp\/v2\/product"}],"about":[{"href":"https:\/\/www.pomoline.com\/fr\/wp-json\/wp\/v2\/types\/product"}],"wp:featuredmedia":[{"embeddable":true,"href":"https:\/\/www.pomoline.com\/fr\/wp-json\/wp\/v2\/media\/409887"}],"wp:attachment":[{"href":"https:\/\/www.pomoline.com\/fr\/wp-json\/wp\/v2\/media?parent=322405"}],"wp:term":[{"taxonomy":"product_brand","embeddable":true,"href":"https:\/\/www.pomoline.com\/fr\/wp-json\/wp\/v2\/product_brand?post=322405"},{"taxonomy":"product_cat","embeddable":true,"href":"https:\/\/www.pomoline.com\/fr\/wp-json\/wp\/v2\/product_cat?post=322405"},{"taxonomy":"product_tag","embeddable":true,"href":"https:\/\/www.pomoline.com\/fr\/wp-json\/wp\/v2\/product_tag?post=322405"}],"curies":[{"name":"wp","href":"https:\/\/api.w.org\/{rel}","templated":true}]}}