{"id":322409,"date":"2024-04-27T12:54:11","date_gmt":"2024-04-27T10:54:11","guid":{"rendered":"https:\/\/www.pomoline.com\/web-pruebas\/producto\/tirador-embutir-metal-cromo-brillo-puerta-corredera-92x31mm\/"},"modified":"2025-03-13T23:47:58","modified_gmt":"2025-03-13T22:47:58","slug":"poignee-chrome-inlay-porte-coulissant-92x31mm","status":"publish","type":"product","link":"https:\/\/www.pomoline.com\/fr\/produit\/poignee-chrome-inlay-porte-coulissant-92x31mm\/","title":{"rendered":"POIGNEE CHROME INLAY PORTE COULISSANT DE MEUBLE 92X31MM"},"content":{"rendered":"<p>Nous proposons des poign\u00e9es en m\u00e9tal pour portes et armoires de cuisine avec des finitions chrome mat, nickel et acier. Les conceptions sont exclusives et tr\u00e8s actuelles, id\u00e9ales pour le montage dans des tiroirs. Ce mod\u00e8le particulier est le MOD 866 poign<\/p>\n","protected":false},"excerpt":{"rendered":"<p>Nous proposons des poign\u00e9es en m\u00e9tal pour portes et armoires de cuisine avec des finitions chrome mat, nickel et acier. Les conceptions sont exclusives et tr\u00e8s actuelles, id\u00e9ales pour le montage dans des tiroirs. Ce mod\u00e8le particulier est le MOD 866 poign<\/p>\n","protected":false},"featured_media":409887,"template":"","meta":{"_joinchat":[]},"product_brand":[],"product_cat":[5189,959],"product_tag":[],"class_list":{"0":"post-322409","1":"product","2":"type-product","3":"status-publish","4":"has-post-thumbnail","6":"product_cat-boutons-et-poignees-tiroir-meuble","7":"product_cat-poignees-de-cuisine-modernes","8":"pa_color-chrome-mat-poignees-boutons-pieds-meuble-portamanteaux-mur-porte","9":"pa_tendencia-poignees-armoire","11":"first","12":"instock","13":"taxable","14":"shipping-taxable","15":"purchasable","16":"product-type-variable","17":"has-default-attributes","18":"wvs-archive-product-wrapper"},"_links":{"self":[{"href":"https:\/\/www.pomoline.com\/fr\/wp-json\/wp\/v2\/product\/322409","targetHints":{"allow":["GET"]}}],"collection":[{"href":"https:\/\/www.pomoline.com\/fr\/wp-json\/wp\/v2\/product"}],"about":[{"href":"https:\/\/www.pomoline.com\/fr\/wp-json\/wp\/v2\/types\/product"}],"wp:featuredmedia":[{"embeddable":true,"href":"https:\/\/www.pomoline.com\/fr\/wp-json\/wp\/v2\/media\/409887"}],"wp:attachment":[{"href":"https:\/\/www.pomoline.com\/fr\/wp-json\/wp\/v2\/media?parent=322409"}],"wp:term":[{"taxonomy":"product_brand","embeddable":true,"href":"https:\/\/www.pomoline.com\/fr\/wp-json\/wp\/v2\/product_brand?post=322409"},{"taxonomy":"product_cat","embeddable":true,"href":"https:\/\/www.pomoline.com\/fr\/wp-json\/wp\/v2\/product_cat?post=322409"},{"taxonomy":"product_tag","embeddable":true,"href":"https:\/\/www.pomoline.com\/fr\/wp-json\/wp\/v2\/product_tag?post=322409"}],"curies":[{"name":"wp","href":"https:\/\/api.w.org\/{rel}","templated":true}]}}