{"id":322449,"date":"2024-04-27T12:55:09","date_gmt":"2024-04-27T10:55:09","guid":{"rendered":"https:\/\/www.pomoline.com\/web-pruebas\/producto\/tirador-asa-aluminio-anodizado-herrajes-mueble-cocina-30x8mm-16mm\/"},"modified":"2025-03-13T23:45:12","modified_gmt":"2025-03-13T22:45:12","slug":"poignee-aluminium-finition-anodise-porte-meuble-cuisine-30x8mm","status":"publish","type":"product","link":"https:\/\/www.pomoline.com\/fr\/produit\/poignee-aluminium-finition-anodise-porte-meuble-cuisine-30x8mm\/","title":{"rendered":"POIGN\u00c9E ALUMINIUM FINITION ANODIS\u00c9 | PORTE MEUBLE CUISINE 30X8MM"},"content":{"rendered":"<p>Poign\u00e9es en profil\u00e9 d\u2019aluminium aux designs tr\u00e8s modernes qui s\u2019accordent parfaitement avec les nouveaux meubles et armoires de cuisine. Il existe des poign\u00e9es avec les distances entre les centres de vis plus communs tels que 64, 96, 128, 160, 192, 224, m<\/p>\n","protected":false},"excerpt":{"rendered":"<p>Poign\u00e9es en profil\u00e9 d\u2019aluminium aux designs tr\u00e8s modernes qui s\u2019accordent parfaitement avec les nouveaux meubles et armoires de cuisine. Il existe des poign\u00e9es avec les distances entre les centres de vis plus communs tels que 64, 96, 128, 160, 192, 224, m<\/p>\n","protected":false},"featured_media":409855,"template":"","meta":{"_joinchat":[]},"product_brand":[],"product_cat":[5189,959],"product_tag":[],"class_list":{"0":"post-322449","1":"product","2":"type-product","3":"status-publish","4":"has-post-thumbnail","6":"product_cat-boutons-et-poignees-tiroir-meuble","7":"product_cat-poignees-de-cuisine-modernes","8":"pa_color-mate-aluminium-poignees-boutons-pieds-meuble-portamanteaux-mur-porte","9":"pa_distancia-agujeros-tornillos-poignees-16-mm-entre-trous-de-vis-tiroir-porte-meuble","10":"pa_distancia-agujeros-tornillos-poignees-64-mm-entre-trous-de-vis-tiroir-porte-meuble","11":"pa_distancia-agujeros-tornillos-poignees-96-mm-entre-trous-de-vis-tiroir-porte-meuble","12":"pa_tendencia-poignees-aluminium-meuble-cuisine","14":"first","15":"instock","16":"taxable","17":"shipping-taxable","18":"purchasable","19":"product-type-variable","20":"has-default-attributes","21":"wvs-archive-product-wrapper"},"_links":{"self":[{"href":"https:\/\/www.pomoline.com\/fr\/wp-json\/wp\/v2\/product\/322449","targetHints":{"allow":["GET"]}}],"collection":[{"href":"https:\/\/www.pomoline.com\/fr\/wp-json\/wp\/v2\/product"}],"about":[{"href":"https:\/\/www.pomoline.com\/fr\/wp-json\/wp\/v2\/types\/product"}],"wp:featuredmedia":[{"embeddable":true,"href":"https:\/\/www.pomoline.com\/fr\/wp-json\/wp\/v2\/media\/409855"}],"wp:attachment":[{"href":"https:\/\/www.pomoline.com\/fr\/wp-json\/wp\/v2\/media?parent=322449"}],"wp:term":[{"taxonomy":"product_brand","embeddable":true,"href":"https:\/\/www.pomoline.com\/fr\/wp-json\/wp\/v2\/product_brand?post=322449"},{"taxonomy":"product_cat","embeddable":true,"href":"https:\/\/www.pomoline.com\/fr\/wp-json\/wp\/v2\/product_cat?post=322449"},{"taxonomy":"product_tag","embeddable":true,"href":"https:\/\/www.pomoline.com\/fr\/wp-json\/wp\/v2\/product_tag?post=322449"}],"curies":[{"name":"wp","href":"https:\/\/api.w.org\/{rel}","templated":true}]}}