{"id":322453,"date":"2024-04-27T12:55:14","date_gmt":"2024-04-27T10:55:14","guid":{"rendered":"https:\/\/www.pomoline.com\/web-pruebas\/producto\/tirador-asa-aluminio-anodizado-mueble-cocina-32mm\/"},"modified":"2025-03-13T23:44:49","modified_gmt":"2025-03-13T22:44:49","slug":"poignee-aluminium-finition-anodise-meuble-cuisine-44x12mm-32mm","status":"publish","type":"product","link":"https:\/\/www.pomoline.com\/fr\/produit\/poignee-aluminium-finition-anodise-meuble-cuisine-44x12mm-32mm\/","title":{"rendered":"POIGN\u00c9E ALUMINIUM FINITION ANODIS\u00c9 | MEUBLE CUISINE 44X12MM | 32MM"},"content":{"rendered":"<p>Poign\u00e9es en profil\u00e9 d\u2019aluminium aux designs tr\u00e8s modernes qui s\u2019accordent parfaitement avec les nouveaux meubles et armoires de cuisine. Il existe des poign\u00e9es avec les distances entre les centres de vis plus communs tels que 64, 96, 128, 160, 192, 224, m<\/p>\n","protected":false},"excerpt":{"rendered":"<p>Poign\u00e9es en profil\u00e9 d\u2019aluminium aux designs tr\u00e8s modernes qui s\u2019accordent parfaitement avec les nouveaux meubles et armoires de cuisine. Il existe des poign\u00e9es avec les distances entre les centres de vis plus communs tels que 64, 96, 128, 160, 192, 224, m<\/p>\n","protected":false},"featured_media":409851,"template":"","meta":{"_joinchat":[]},"product_brand":[],"product_cat":[5189,959],"product_tag":[],"class_list":{"0":"post-322453","1":"product","2":"type-product","3":"status-publish","4":"has-post-thumbnail","6":"product_cat-boutons-et-poignees-tiroir-meuble","7":"product_cat-poignees-de-cuisine-modernes","8":"pa_color-mate-aluminium-poignees-boutons-pieds-meuble-portamanteaux-mur-porte","9":"pa_distancia-agujeros-tornillos-poignees-32-mm-entre-trous-de-vis-tiroir-porte-meuble","10":"pa_distancia-agujeros-tornillos-poignees-64-mm-entre-trous-de-vis-tiroir-porte-meuble","11":"pa_distancia-agujeros-tornillos-poignees-96-mm-entre-trous-de-vis-tiroir-porte-meuble","12":"pa_distancia-agujeros-tornillos-poignees-128-mm-entre-trous-de-vis-tiroir-porte-meuble","13":"pa_tendencia-poignees-aluminium-meuble-cuisine","15":"first","16":"instock","17":"taxable","18":"shipping-taxable","19":"purchasable","20":"product-type-variable","21":"has-default-attributes","22":"wvs-archive-product-wrapper"},"_links":{"self":[{"href":"https:\/\/www.pomoline.com\/fr\/wp-json\/wp\/v2\/product\/322453","targetHints":{"allow":["GET"]}}],"collection":[{"href":"https:\/\/www.pomoline.com\/fr\/wp-json\/wp\/v2\/product"}],"about":[{"href":"https:\/\/www.pomoline.com\/fr\/wp-json\/wp\/v2\/types\/product"}],"wp:featuredmedia":[{"embeddable":true,"href":"https:\/\/www.pomoline.com\/fr\/wp-json\/wp\/v2\/media\/409851"}],"wp:attachment":[{"href":"https:\/\/www.pomoline.com\/fr\/wp-json\/wp\/v2\/media?parent=322453"}],"wp:term":[{"taxonomy":"product_brand","embeddable":true,"href":"https:\/\/www.pomoline.com\/fr\/wp-json\/wp\/v2\/product_brand?post=322453"},{"taxonomy":"product_cat","embeddable":true,"href":"https:\/\/www.pomoline.com\/fr\/wp-json\/wp\/v2\/product_cat?post=322453"},{"taxonomy":"product_tag","embeddable":true,"href":"https:\/\/www.pomoline.com\/fr\/wp-json\/wp\/v2\/product_tag?post=322453"}],"curies":[{"name":"wp","href":"https:\/\/api.w.org\/{rel}","templated":true}]}}