{"id":322465,"date":"2024-04-27T12:55:34","date_gmt":"2024-04-27T10:55:34","guid":{"rendered":"https:\/\/www.pomoline.com\/web-pruebas\/producto\/tope-puerta-acero-inoxidable-aisi-304-suelo-parquet-30x40mm\/"},"modified":"2025-03-13T23:43:59","modified_gmt":"2025-03-13T22:43:59","slug":"arret-de-porte-butoir-inox-aisi-304-30x40mm-vis-au-sol","status":"publish","type":"product","link":"https:\/\/www.pomoline.com\/fr\/produit\/arret-de-porte-butoir-inox-aisi-304-30x40mm-vis-au-sol\/","title":{"rendered":"ARR\u00caT DE PORTE BUTOIR INOX AISI-304 30x40MM VIS AU SOL"},"content":{"rendered":"<p>Butoir arr\u00eat de porte en acier inox AISI 304 granatis\u00e9es anti corrosion. Y compris tout le n\u00e9cessaire pour le montage au sol. Ce mod\u00e8le particulier est le MOD 833 arr\u00eat de porte butoir inox aisi-304 30x40mm vis au sol<\/p>\n","protected":false},"excerpt":{"rendered":"<p>Butoir arr\u00eat de porte en acier inox AISI 304 granatis\u00e9es anti corrosion. Y compris tout le n\u00e9cessaire pour le montage au sol. Ce mod\u00e8le particulier est le MOD 833 arr\u00eat de porte butoir inox aisi-304 30x40mm vis au sol<\/p>\n","protected":false},"featured_media":409839,"template":"","meta":{"_joinchat":[]},"product_brand":[],"product_cat":[1027],"product_tag":[],"class_list":{"0":"post-322465","1":"product","2":"type-product","3":"status-publish","4":"has-post-thumbnail","6":"product_cat-butee-arret-de-porte","7":"pa_color-acier-inoxydable-poignees-boutons-pieds-meuble-portamanteaux-mur-porte","8":"pa_tendencia-arret-butoir-porte-pour-sol","10":"first","11":"instock","12":"taxable","13":"shipping-taxable","14":"purchasable","15":"product-type-variable","16":"has-default-attributes","17":"wvs-archive-product-wrapper"},"_links":{"self":[{"href":"https:\/\/www.pomoline.com\/fr\/wp-json\/wp\/v2\/product\/322465","targetHints":{"allow":["GET"]}}],"collection":[{"href":"https:\/\/www.pomoline.com\/fr\/wp-json\/wp\/v2\/product"}],"about":[{"href":"https:\/\/www.pomoline.com\/fr\/wp-json\/wp\/v2\/types\/product"}],"wp:featuredmedia":[{"embeddable":true,"href":"https:\/\/www.pomoline.com\/fr\/wp-json\/wp\/v2\/media\/409839"}],"wp:attachment":[{"href":"https:\/\/www.pomoline.com\/fr\/wp-json\/wp\/v2\/media?parent=322465"}],"wp:term":[{"taxonomy":"product_brand","embeddable":true,"href":"https:\/\/www.pomoline.com\/fr\/wp-json\/wp\/v2\/product_brand?post=322465"},{"taxonomy":"product_cat","embeddable":true,"href":"https:\/\/www.pomoline.com\/fr\/wp-json\/wp\/v2\/product_cat?post=322465"},{"taxonomy":"product_tag","embeddable":true,"href":"https:\/\/www.pomoline.com\/fr\/wp-json\/wp\/v2\/product_tag?post=322465"}],"curies":[{"name":"wp","href":"https:\/\/api.w.org\/{rel}","templated":true}]}}