{"id":322477,"date":"2024-04-27T12:55:52","date_gmt":"2024-04-27T10:55:52","guid":{"rendered":"https:\/\/www.pomoline.com\/web-pruebas\/producto\/tirador-pomo-de-mueble-acero-inoxidable-puerta-armario-cocina-15mm\/"},"modified":"2025-03-13T23:43:09","modified_gmt":"2025-03-13T22:43:09","slug":"bouton-de-meuble-acier-inox-15mm","status":"publish","type":"product","link":"https:\/\/www.pomoline.com\/fr\/produit\/bouton-de-meuble-acier-inox-15mm\/","title":{"rendered":"BOUTON DE MEUBLE ACIER INOX 15MM"},"content":{"rendered":"<p>Boutons pour tiroir de meuble en m\u00e9tal en acier inoxydable de qualit\u00e9 AISI 304, ce m\u00e9tal est garanti contre la corrosion. Ce mod\u00e8le particulier est le MOD 828 bouton de meuble acier inox 15mm<\/p>\n","protected":false},"excerpt":{"rendered":"<p>Boutons pour tiroir de meuble en m\u00e9tal en acier inoxydable de qualit\u00e9 AISI 304, ce m\u00e9tal est garanti contre la corrosion. Ce mod\u00e8le particulier est le MOD 828 bouton de meuble acier inox 15mm<\/p>\n","protected":false},"featured_media":409827,"template":"","meta":{"_joinchat":[]},"product_brand":[],"product_cat":[963,5189],"product_tag":[],"class_list":{"0":"post-322477","1":"product","2":"type-product","3":"status-publish","4":"has-post-thumbnail","6":"product_cat-poignees-de-meubles","7":"product_cat-boutons-et-poignees-tiroir-meuble","8":"pa_color-acier-inoxydable-poignees-boutons-pieds-meuble-portamanteaux-mur-porte","9":"pa_tendencia-boutons-en-acier-inoxydable-pour-meuble","11":"first","12":"instock","13":"taxable","14":"shipping-taxable","15":"purchasable","16":"product-type-variable","17":"has-default-attributes","18":"wvs-archive-product-wrapper"},"_links":{"self":[{"href":"https:\/\/www.pomoline.com\/fr\/wp-json\/wp\/v2\/product\/322477","targetHints":{"allow":["GET"]}}],"collection":[{"href":"https:\/\/www.pomoline.com\/fr\/wp-json\/wp\/v2\/product"}],"about":[{"href":"https:\/\/www.pomoline.com\/fr\/wp-json\/wp\/v2\/types\/product"}],"wp:featuredmedia":[{"embeddable":true,"href":"https:\/\/www.pomoline.com\/fr\/wp-json\/wp\/v2\/media\/409827"}],"wp:attachment":[{"href":"https:\/\/www.pomoline.com\/fr\/wp-json\/wp\/v2\/media?parent=322477"}],"wp:term":[{"taxonomy":"product_brand","embeddable":true,"href":"https:\/\/www.pomoline.com\/fr\/wp-json\/wp\/v2\/product_brand?post=322477"},{"taxonomy":"product_cat","embeddable":true,"href":"https:\/\/www.pomoline.com\/fr\/wp-json\/wp\/v2\/product_cat?post=322477"},{"taxonomy":"product_tag","embeddable":true,"href":"https:\/\/www.pomoline.com\/fr\/wp-json\/wp\/v2\/product_tag?post=322477"}],"curies":[{"name":"wp","href":"https:\/\/api.w.org\/{rel}","templated":true}]}}