{"id":322521,"date":"2024-04-27T12:56:52","date_gmt":"2024-04-27T10:56:52","guid":{"rendered":"https:\/\/www.pomoline.com\/web-pruebas\/producto\/tirador-pomo-de-metal-envejecido-herrajes-mueble-bano-38mm\/"},"modified":"2025-03-13T23:40:09","modified_gmt":"2025-03-13T22:40:09","slug":"bouton-metal-vieilli-porte-meuble-bain-38mm","status":"publish","type":"product","link":"https:\/\/www.pomoline.com\/fr\/produit\/bouton-metal-vieilli-porte-meuble-bain-38mm\/","title":{"rendered":"BOUTON M\u00c9TAL VIEILLI | PORTE MEUBLE BAIN 38MM"},"content":{"rendered":"<p>Boutons en laiton vieilli et argent\u00e9 pour meubles rustiques et tiroirs d&rsquo;\u00e9poque. Ils sont tr\u00e8s attrayants pour les maisons avec une atmosph\u00e8re classique. Ce mod\u00e8le particulier est le MOD 809 POMO BRONCE bouton m\u00e9tal vieilli | porte meuble bain 38mm<\/p>\n","protected":false},"excerpt":{"rendered":"<p>Boutons en laiton vieilli et argent\u00e9 pour meubles rustiques et tiroirs d&rsquo;\u00e9poque. Ils sont tr\u00e8s attrayants pour les maisons avec une atmosph\u00e8re classique. Ce mod\u00e8le particulier est le MOD 809 POMO BRONCE bouton m\u00e9tal vieilli | porte meuble bain 38mm<\/p>\n","protected":false},"featured_media":409783,"template":"","meta":{"_joinchat":[]},"product_brand":[],"product_cat":[971,5189],"product_tag":[],"class_list":{"0":"post-322521","1":"product","2":"type-product","3":"status-publish","4":"has-post-thumbnail","6":"product_cat-boutons-tiroir-meuble-metal-classique","7":"product_cat-boutons-et-poignees-tiroir-meuble","8":"pa_color-laiton-brosse-poignees-boutons-pieds-meuble-portamanteaux-mur-porte","9":"pa_tendencia-boutons-meuble-tiroir-moderne","11":"first","12":"instock","13":"taxable","14":"shipping-taxable","15":"purchasable","16":"product-type-variable","17":"has-default-attributes","18":"wvs-archive-product-wrapper"},"_links":{"self":[{"href":"https:\/\/www.pomoline.com\/fr\/wp-json\/wp\/v2\/product\/322521","targetHints":{"allow":["GET"]}}],"collection":[{"href":"https:\/\/www.pomoline.com\/fr\/wp-json\/wp\/v2\/product"}],"about":[{"href":"https:\/\/www.pomoline.com\/fr\/wp-json\/wp\/v2\/types\/product"}],"wp:featuredmedia":[{"embeddable":true,"href":"https:\/\/www.pomoline.com\/fr\/wp-json\/wp\/v2\/media\/409783"}],"wp:attachment":[{"href":"https:\/\/www.pomoline.com\/fr\/wp-json\/wp\/v2\/media?parent=322521"}],"wp:term":[{"taxonomy":"product_brand","embeddable":true,"href":"https:\/\/www.pomoline.com\/fr\/wp-json\/wp\/v2\/product_brand?post=322521"},{"taxonomy":"product_cat","embeddable":true,"href":"https:\/\/www.pomoline.com\/fr\/wp-json\/wp\/v2\/product_cat?post=322521"},{"taxonomy":"product_tag","embeddable":true,"href":"https:\/\/www.pomoline.com\/fr\/wp-json\/wp\/v2\/product_tag?post=322521"}],"curies":[{"name":"wp","href":"https:\/\/api.w.org\/{rel}","templated":true}]}}