{"id":322541,"date":"2024-04-27T12:57:21","date_gmt":"2024-04-27T10:57:21","guid":{"rendered":"https:\/\/www.pomoline.com\/web-pruebas\/producto\/tirador-asa-de-mueble-metal-cromo-puerta-armario-cocina-bano\/"},"modified":"2025-03-13T23:38:44","modified_gmt":"2025-03-13T22:38:44","slug":"poignee-de-meuble-chrome-160mm-179x35mm","status":"publish","type":"product","link":"https:\/\/www.pomoline.com\/fr\/produit\/poignee-de-meuble-chrome-160mm-179x35mm\/","title":{"rendered":"POIGN\u00c9E DE MEUBLE CHROM\u00c9 160MM -179x35MM"},"content":{"rendered":"<p>Imposante poign\u00e9e en m\u00e9tal avec deux finitions, nickel mat ou chrome mat, de tr\u00e8s bonne qualit\u00e9 pour tout type de meuble, fortement recommand\u00e9e pour les meubles de cuisine. la distance entre les vis est de 16 cm, qui sont des mesures standard, avec une ou<\/p>\n","protected":false},"excerpt":{"rendered":"<p>Imposante poign\u00e9e en m\u00e9tal avec deux finitions, nickel mat ou chrome mat, de tr\u00e8s bonne qualit\u00e9 pour tout type de meuble, fortement recommand\u00e9e pour les meubles de cuisine. la distance entre les vis est de 16 cm, qui sont des mesures standard, avec une ou<\/p>\n","protected":false},"featured_media":409763,"template":"","meta":{"_joinchat":[]},"product_brand":[],"product_cat":[5189,5355,5357,959],"product_tag":[],"class_list":{"0":"post-322541","1":"product","2":"type-product","3":"status-publish","4":"has-post-thumbnail","6":"product_cat-boutons-et-poignees-tiroir-meuble","7":"product_cat-ofertas","8":"product_cat-ofertas-fr","9":"product_cat-poignees-de-cuisine-modernes","10":"pa_color-chrome-mat-poignees-boutons-pieds-meuble-portamanteaux-mur-porte","11":"pa_color-nickel-brosse-poignees-boutons-pieds-meuble-portamanteaux-mur-porte","12":"pa_distancia-agujeros-tornillos-poignees-160-mm-entre-trous-de-vis-tiroir-porte-meuble","13":"pa_tendencia-poignees-meuble-moderne","15":"first","16":"instock","17":"sale","18":"taxable","19":"shipping-taxable","20":"purchasable","21":"product-type-variable","22":"has-default-attributes","23":"wvs-archive-product-wrapper"},"_links":{"self":[{"href":"https:\/\/www.pomoline.com\/fr\/wp-json\/wp\/v2\/product\/322541","targetHints":{"allow":["GET"]}}],"collection":[{"href":"https:\/\/www.pomoline.com\/fr\/wp-json\/wp\/v2\/product"}],"about":[{"href":"https:\/\/www.pomoline.com\/fr\/wp-json\/wp\/v2\/types\/product"}],"wp:featuredmedia":[{"embeddable":true,"href":"https:\/\/www.pomoline.com\/fr\/wp-json\/wp\/v2\/media\/409763"}],"wp:attachment":[{"href":"https:\/\/www.pomoline.com\/fr\/wp-json\/wp\/v2\/media?parent=322541"}],"wp:term":[{"taxonomy":"product_brand","embeddable":true,"href":"https:\/\/www.pomoline.com\/fr\/wp-json\/wp\/v2\/product_brand?post=322541"},{"taxonomy":"product_cat","embeddable":true,"href":"https:\/\/www.pomoline.com\/fr\/wp-json\/wp\/v2\/product_cat?post=322541"},{"taxonomy":"product_tag","embeddable":true,"href":"https:\/\/www.pomoline.com\/fr\/wp-json\/wp\/v2\/product_tag?post=322541"}],"curies":[{"name":"wp","href":"https:\/\/api.w.org\/{rel}","templated":true}]}}