{"id":322581,"date":"2024-04-27T12:58:17","date_gmt":"2024-04-27T10:58:17","guid":{"rendered":"https:\/\/www.pomoline.com\/web-pruebas\/producto\/tirador-asa-de-mueble-abs-pintado-cromo-puerta-armario-cocina-32mm\/"},"modified":"2025-03-13T23:35:55","modified_gmt":"2025-03-13T22:35:55","slug":"poignee-de-meuble-abs-chrome-mat-60x18x21mm-32mm","status":"publish","type":"product","link":"https:\/\/www.pomoline.com\/fr\/produit\/poignee-de-meuble-abs-chrome-mat-60x18x21mm-32mm\/","title":{"rendered":"POIGN\u00c9E DE MEUBLE ABS CHROME MAT 60X18X21MM 32mm"},"content":{"rendered":"<p>Poign\u00e9es de cuisines tr\u00e8s \u00e9conomiques en r\u00e9sine plastique peintes en chrome mat, blanc ou noir. Bon rapport qualit\u00e9 prix. Ce mod\u00e8le particulier est le MOD 789 poign\u00e9e de meuble abs chrome mat 60x18x21mm 32mm<\/p>\n","protected":false},"excerpt":{"rendered":"<p>Poign\u00e9es de cuisines tr\u00e8s \u00e9conomiques en r\u00e9sine plastique peintes en chrome mat, blanc ou noir. Bon rapport qualit\u00e9 prix. Ce mod\u00e8le particulier est le MOD 789 poign\u00e9e de meuble abs chrome mat 60x18x21mm 32mm<\/p>\n","protected":false},"featured_media":409723,"template":"","meta":{"_joinchat":[]},"product_brand":[],"product_cat":[5189,1023],"product_tag":[],"class_list":{"0":"post-322581","1":"product","2":"type-product","3":"status-publish","4":"has-post-thumbnail","6":"product_cat-boutons-et-poignees-tiroir-meuble","7":"product_cat-poignees-plastique-abs-meuble-cuisine","8":"pa_color-chrome-mat-poignees-boutons-pieds-meuble-portamanteaux-mur-porte","9":"pa_distancia-agujeros-tornillos-poignees-32-mm-entre-trous-de-vis-tiroir-porte-meuble","10":"pa_tendencia-poignees-meuble-moderne","12":"first","13":"instock","14":"taxable","15":"shipping-taxable","16":"purchasable","17":"product-type-variable","18":"has-default-attributes","19":"wvs-archive-product-wrapper"},"_links":{"self":[{"href":"https:\/\/www.pomoline.com\/fr\/wp-json\/wp\/v2\/product\/322581","targetHints":{"allow":["GET"]}}],"collection":[{"href":"https:\/\/www.pomoline.com\/fr\/wp-json\/wp\/v2\/product"}],"about":[{"href":"https:\/\/www.pomoline.com\/fr\/wp-json\/wp\/v2\/types\/product"}],"wp:featuredmedia":[{"embeddable":true,"href":"https:\/\/www.pomoline.com\/fr\/wp-json\/wp\/v2\/media\/409723"}],"wp:attachment":[{"href":"https:\/\/www.pomoline.com\/fr\/wp-json\/wp\/v2\/media?parent=322581"}],"wp:term":[{"taxonomy":"product_brand","embeddable":true,"href":"https:\/\/www.pomoline.com\/fr\/wp-json\/wp\/v2\/product_brand?post=322581"},{"taxonomy":"product_cat","embeddable":true,"href":"https:\/\/www.pomoline.com\/fr\/wp-json\/wp\/v2\/product_cat?post=322581"},{"taxonomy":"product_tag","embeddable":true,"href":"https:\/\/www.pomoline.com\/fr\/wp-json\/wp\/v2\/product_tag?post=322581"}],"curies":[{"name":"wp","href":"https:\/\/api.w.org\/{rel}","templated":true}]}}