{"id":322589,"date":"2024-04-27T12:58:29","date_gmt":"2024-04-27T10:58:29","guid":{"rendered":"https:\/\/www.pomoline.com\/web-pruebas\/producto\/tirador-asa-de-mueble-abs-pintado-cromo-puerta-armario-cocina-96mm\/"},"modified":"2025-03-13T23:35:22","modified_gmt":"2025-03-13T22:35:22","slug":"poignee-de-meuble-abs-chrome-mat-144x15x24mm-96mm","status":"publish","type":"product","link":"https:\/\/www.pomoline.com\/fr\/produit\/poignee-de-meuble-abs-chrome-mat-144x15x24mm-96mm\/","title":{"rendered":"POIGN\u00c9E DE MEUBLE ABS CHROME MAT 144X15X24MM 96mm"},"content":{"rendered":"<p>Poign\u00e9es de cuisines tr\u00e8s \u00e9conomiques en r\u00e9sine plastique peintes en chrome mat, blanc ou noir. Bon rapport qualit\u00e9 prix. Ce mod\u00e8le particulier est le MOD 787 poign\u00e9e de meuble abs chrome mat 144x15x24mm 96mm<\/p>\n","protected":false},"excerpt":{"rendered":"<p>Poign\u00e9es de cuisines tr\u00e8s \u00e9conomiques en r\u00e9sine plastique peintes en chrome mat, blanc ou noir. Bon rapport qualit\u00e9 prix. Ce mod\u00e8le particulier est le MOD 787 poign\u00e9e de meuble abs chrome mat 144x15x24mm 96mm<\/p>\n","protected":false},"featured_media":409715,"template":"","meta":{"_joinchat":[]},"product_brand":[],"product_cat":[5189,1023],"product_tag":[],"class_list":{"0":"post-322589","1":"product","2":"type-product","3":"status-publish","4":"has-post-thumbnail","6":"product_cat-boutons-et-poignees-tiroir-meuble","7":"product_cat-poignees-plastique-abs-meuble-cuisine","8":"pa_color-chrome-mat-poignees-boutons-pieds-meuble-portamanteaux-mur-porte","9":"pa_distancia-agujeros-tornillos-poignees-96-mm-entre-trous-de-vis-tiroir-porte-meuble","10":"pa_tendencia-poignee-tiroir-meuble-contemporain","12":"first","13":"instock","14":"taxable","15":"shipping-taxable","16":"purchasable","17":"product-type-variable","18":"has-default-attributes","19":"wvs-archive-product-wrapper"},"_links":{"self":[{"href":"https:\/\/www.pomoline.com\/fr\/wp-json\/wp\/v2\/product\/322589","targetHints":{"allow":["GET"]}}],"collection":[{"href":"https:\/\/www.pomoline.com\/fr\/wp-json\/wp\/v2\/product"}],"about":[{"href":"https:\/\/www.pomoline.com\/fr\/wp-json\/wp\/v2\/types\/product"}],"wp:featuredmedia":[{"embeddable":true,"href":"https:\/\/www.pomoline.com\/fr\/wp-json\/wp\/v2\/media\/409715"}],"wp:attachment":[{"href":"https:\/\/www.pomoline.com\/fr\/wp-json\/wp\/v2\/media?parent=322589"}],"wp:term":[{"taxonomy":"product_brand","embeddable":true,"href":"https:\/\/www.pomoline.com\/fr\/wp-json\/wp\/v2\/product_brand?post=322589"},{"taxonomy":"product_cat","embeddable":true,"href":"https:\/\/www.pomoline.com\/fr\/wp-json\/wp\/v2\/product_cat?post=322589"},{"taxonomy":"product_tag","embeddable":true,"href":"https:\/\/www.pomoline.com\/fr\/wp-json\/wp\/v2\/product_tag?post=322589"}],"curies":[{"name":"wp","href":"https:\/\/api.w.org\/{rel}","templated":true}]}}