{"id":322609,"date":"2024-04-27T12:58:56","date_gmt":"2024-04-27T10:58:56","guid":{"rendered":"https:\/\/www.pomoline.com\/web-pruebas\/producto\/tirador-pomo-de-mueble-flor-resina-blanca-puerta-armario-cocina\/"},"modified":"2025-03-13T23:33:59","modified_gmt":"2025-03-13T22:33:59","slug":"resine-blanc-fleur-bouton-de-meuble","status":"publish","type":"product","link":"https:\/\/www.pomoline.com\/fr\/produit\/resine-blanc-fleur-bouton-de-meuble\/","title":{"rendered":"R\u00c9SINE BLANC FLEUR BOUTON DE MEUBLE"},"content":{"rendered":"<p>Boutons de meubles d\u00e9cor\u00e9s en r\u00e9sine vieillie \u00e0 patine vintage. Id\u00e9al pour les tiroirs de meubles classiques. Ce mod\u00e8le particulier est le MOD 781F r\u00e9sine blanc fleur bouton de meuble<\/p>\n","protected":false},"excerpt":{"rendered":"<p>Boutons de meubles d\u00e9cor\u00e9s en r\u00e9sine vieillie \u00e0 patine vintage. Id\u00e9al pour les tiroirs de meubles classiques. Ce mod\u00e8le particulier est le MOD 781F r\u00e9sine blanc fleur bouton de meuble<\/p>\n","protected":false},"featured_media":409695,"template":"","meta":{"_joinchat":[]},"product_brand":[],"product_cat":[5355,5357,995],"product_tag":[],"class_list":{"0":"post-322609","1":"product","2":"type-product","3":"status-publish","4":"has-post-thumbnail","6":"product_cat-ofertas","7":"product_cat-ofertas-fr","8":"product_cat-boutons-meuble-pour-enfants-bebe","9":"pa_color-magenta-poignees-boutons-pieds-meuble-portamanteaux-mur-porte","10":"pa_tendencia-bountons-fleur-pour-tiroir-meuble","12":"first","13":"instock","14":"sale","15":"taxable","16":"shipping-taxable","17":"purchasable","18":"product-type-variable","19":"has-default-attributes","20":"wvs-archive-product-wrapper"},"_links":{"self":[{"href":"https:\/\/www.pomoline.com\/fr\/wp-json\/wp\/v2\/product\/322609","targetHints":{"allow":["GET"]}}],"collection":[{"href":"https:\/\/www.pomoline.com\/fr\/wp-json\/wp\/v2\/product"}],"about":[{"href":"https:\/\/www.pomoline.com\/fr\/wp-json\/wp\/v2\/types\/product"}],"wp:featuredmedia":[{"embeddable":true,"href":"https:\/\/www.pomoline.com\/fr\/wp-json\/wp\/v2\/media\/409695"}],"wp:attachment":[{"href":"https:\/\/www.pomoline.com\/fr\/wp-json\/wp\/v2\/media?parent=322609"}],"wp:term":[{"taxonomy":"product_brand","embeddable":true,"href":"https:\/\/www.pomoline.com\/fr\/wp-json\/wp\/v2\/product_brand?post=322609"},{"taxonomy":"product_cat","embeddable":true,"href":"https:\/\/www.pomoline.com\/fr\/wp-json\/wp\/v2\/product_cat?post=322609"},{"taxonomy":"product_tag","embeddable":true,"href":"https:\/\/www.pomoline.com\/fr\/wp-json\/wp\/v2\/product_tag?post=322609"}],"curies":[{"name":"wp","href":"https:\/\/api.w.org\/{rel}","templated":true}]}}