{"id":322625,"date":"2024-04-27T12:59:25","date_gmt":"2024-04-27T10:59:25","guid":{"rendered":"https:\/\/www.pomoline.com\/web-pruebas\/producto\/tirador-pomo-de-mueble-abs-pintado-colores-mate-diseno-juvenil-32mm\/"},"modified":"2025-03-13T23:32:51","modified_gmt":"2025-03-13T22:32:51","slug":"bouton-de-meuble-abs-teint-couleurs-mat-design-jeunesse","status":"publish","type":"product","link":"https:\/\/www.pomoline.com\/fr\/produit\/bouton-de-meuble-abs-teint-couleurs-mat-design-jeunesse\/","title":{"rendered":"BOUTON DE MEUBLE ABS TEINT | COULEURS MAT DESIGN JEUNESSE"},"content":{"rendered":"<p>Boutons en plastique peints en couleurs pour tiroir de meubles pour enfants. Ces tireurs ont de tr\u00e8s bons prix et donnent \u00e0 la salle une tr\u00e8s bonne attention. Ce mod\u00e8le particulier est le MOD 772 bouton de meuble abs teint | couleurs mat design jeunesse<\/p>\n","protected":false},"excerpt":{"rendered":"<p>Boutons en plastique peints en couleurs pour tiroir de meubles pour enfants. Ces tireurs ont de tr\u00e8s bons prix et donnent \u00e0 la salle une tr\u00e8s bonne attention. Ce mod\u00e8le particulier est le MOD 772 bouton de meuble abs teint | couleurs mat design jeunesse<\/p>\n","protected":false},"featured_media":409678,"template":"","meta":{"_joinchat":[]},"product_brand":[],"product_cat":[995],"product_tag":[],"class_list":{"0":"post-322625","1":"product","2":"type-product","3":"status-publish","4":"has-post-thumbnail","6":"product_cat-boutons-meuble-pour-enfants-bebe","7":"pa_color-vert-poignees-boutons-pieds-meuble-portamanteaux-mur-porte","8":"pa_color-blanc-poignees-boutons-pieds-meuble-portamanteaux-mur-porte","9":"pa_color-magenta-poignees-boutons-pieds-meuble-portamanteaux-mur-porte","10":"pa_color-orange-poignees-boutons-pieds-meuble-portamanteaux-mur-porte","11":"pa_color-violet-poignees-boutons-pieds-meuble-portamanteaux-mur-porte","12":"pa_distancia-agujeros-tornillos-poignees-32-mm-entre-trous-de-vis-tiroir-porte-meuble","13":"pa_tendencia-boutons-meuble-jeunesse-poignees-tiroir-chambre","15":"first","16":"instock","17":"taxable","18":"shipping-taxable","19":"purchasable","20":"product-type-variable","21":"has-default-attributes","22":"wvs-archive-product-wrapper"},"_links":{"self":[{"href":"https:\/\/www.pomoline.com\/fr\/wp-json\/wp\/v2\/product\/322625","targetHints":{"allow":["GET"]}}],"collection":[{"href":"https:\/\/www.pomoline.com\/fr\/wp-json\/wp\/v2\/product"}],"about":[{"href":"https:\/\/www.pomoline.com\/fr\/wp-json\/wp\/v2\/types\/product"}],"wp:featuredmedia":[{"embeddable":true,"href":"https:\/\/www.pomoline.com\/fr\/wp-json\/wp\/v2\/media\/409678"}],"wp:attachment":[{"href":"https:\/\/www.pomoline.com\/fr\/wp-json\/wp\/v2\/media?parent=322625"}],"wp:term":[{"taxonomy":"product_brand","embeddable":true,"href":"https:\/\/www.pomoline.com\/fr\/wp-json\/wp\/v2\/product_brand?post=322625"},{"taxonomy":"product_cat","embeddable":true,"href":"https:\/\/www.pomoline.com\/fr\/wp-json\/wp\/v2\/product_cat?post=322625"},{"taxonomy":"product_tag","embeddable":true,"href":"https:\/\/www.pomoline.com\/fr\/wp-json\/wp\/v2\/product_tag?post=322625"}],"curies":[{"name":"wp","href":"https:\/\/api.w.org\/{rel}","templated":true}]}}