{"id":322637,"date":"2024-04-27T12:59:44","date_gmt":"2024-04-27T10:59:44","guid":{"rendered":"https:\/\/www.pomoline.com\/web-pruebas\/producto\/tirador-pomo-de-mueble-abs-pintado-aluminio-mate-diseno-juvenil\/"},"modified":"2025-03-13T23:31:56","modified_gmt":"2025-03-13T22:31:56","slug":"bouton-de-meuble-abs-22mm-peint-aluminium-mat-design-jeunesse","status":"publish","type":"product","link":"https:\/\/www.pomoline.com\/fr\/produit\/bouton-de-meuble-abs-22mm-peint-aluminium-mat-design-jeunesse\/","title":{"rendered":"BOUTON DE MEUBLE ABS 22MM PEINT | ALUMINIUM MAT DESIGN JEUNESSE"},"content":{"rendered":"<p>Poign\u00e9es de cuisines tr\u00e8s \u00e9conomiques en r\u00e9sine plastique peintes en chrome mat, blanc ou noir. Bon rapport qualit\u00e9 prix. Ce mod\u00e8le particulier est le MOD 770 CROMO bouton de meuble abs 22mm peint | aluminium mat design jeunesse<\/p>\n","protected":false},"excerpt":{"rendered":"<p>Poign\u00e9es de cuisines tr\u00e8s \u00e9conomiques en r\u00e9sine plastique peintes en chrome mat, blanc ou noir. Bon rapport qualit\u00e9 prix. Ce mod\u00e8le particulier est le MOD 770 CROMO bouton de meuble abs 22mm peint | aluminium mat design jeunesse<\/p>\n","protected":false},"featured_media":409666,"template":"","meta":{"_joinchat":[]},"product_brand":[],"product_cat":[5189,1023],"product_tag":[],"class_list":{"0":"post-322637","1":"product","2":"type-product","3":"status-publish","4":"has-post-thumbnail","6":"product_cat-boutons-et-poignees-tiroir-meuble","7":"product_cat-poignees-plastique-abs-meuble-cuisine","8":"pa_color-chrome-mat-poignees-boutons-pieds-meuble-portamanteaux-mur-porte","9":"pa_tendencia-boutons-meuble-jeunesse-poignees-tiroir-chambre","11":"first","12":"instock","13":"taxable","14":"shipping-taxable","15":"purchasable","16":"product-type-variable","17":"has-default-attributes","18":"wvs-archive-product-wrapper"},"_links":{"self":[{"href":"https:\/\/www.pomoline.com\/fr\/wp-json\/wp\/v2\/product\/322637","targetHints":{"allow":["GET"]}}],"collection":[{"href":"https:\/\/www.pomoline.com\/fr\/wp-json\/wp\/v2\/product"}],"about":[{"href":"https:\/\/www.pomoline.com\/fr\/wp-json\/wp\/v2\/types\/product"}],"wp:featuredmedia":[{"embeddable":true,"href":"https:\/\/www.pomoline.com\/fr\/wp-json\/wp\/v2\/media\/409666"}],"wp:attachment":[{"href":"https:\/\/www.pomoline.com\/fr\/wp-json\/wp\/v2\/media?parent=322637"}],"wp:term":[{"taxonomy":"product_brand","embeddable":true,"href":"https:\/\/www.pomoline.com\/fr\/wp-json\/wp\/v2\/product_brand?post=322637"},{"taxonomy":"product_cat","embeddable":true,"href":"https:\/\/www.pomoline.com\/fr\/wp-json\/wp\/v2\/product_cat?post=322637"},{"taxonomy":"product_tag","embeddable":true,"href":"https:\/\/www.pomoline.com\/fr\/wp-json\/wp\/v2\/product_tag?post=322637"}],"curies":[{"name":"wp","href":"https:\/\/api.w.org\/{rel}","templated":true}]}}