{"id":322653,"date":"2024-04-27T13:00:09","date_gmt":"2024-04-27T11:00:09","guid":{"rendered":"https:\/\/www.pomoline.com\/web-pruebas\/producto\/pomo-tirador-cajon-diseno-cordones-para-mueble-infantil-y-juvenil\/"},"modified":"2025-03-13T23:30:42","modified_gmt":"2025-03-13T22:30:42","slug":"bouton-poignee-design-lacets-pour-meuble-enfants-et-jeunesse","status":"publish","type":"product","link":"https:\/\/www.pomoline.com\/fr\/produit\/bouton-poignee-design-lacets-pour-meuble-enfants-et-jeunesse\/","title":{"rendered":"BOUTON POIGN\u00c9E DESIGN LACETS POUR MEUBLE ENFANTS ET JEUNESSE"},"content":{"rendered":"<p>Boutons d&rsquo;enfants avec des dessins s\u00e9rigraphi\u00e9s. Vos enfants aimeront avoir une chambre avec des poign\u00e9es de meubles tr\u00e8s color\u00e9es et amusantes. Ce mod\u00e8le particulier est le MOD 765- bouton poign\u00e9e design lacets pour meuble enfants et jeunesse<\/p>\n","protected":false},"excerpt":{"rendered":"<p>Boutons d&rsquo;enfants avec des dessins s\u00e9rigraphi\u00e9s. Vos enfants aimeront avoir une chambre avec des poign\u00e9es de meubles tr\u00e8s color\u00e9es et amusantes. Ce mod\u00e8le particulier est le MOD 765- bouton poign\u00e9e design lacets pour meuble enfants et jeunesse<\/p>\n","protected":false},"featured_media":409650,"template":"","meta":{"_joinchat":[]},"product_brand":[],"product_cat":[995],"product_tag":[],"class_list":{"0":"post-322653","1":"product","2":"type-product","3":"status-publish","4":"has-post-thumbnail","6":"product_cat-boutons-meuble-pour-enfants-bebe","7":"pa_color-vert-poignees-boutons-pieds-meuble-portamanteaux-mur-porte","8":"pa_color-jaune-poignees-boutons-pieds-meuble-portamanteaux-mur-porte","9":"pa_color-bleu-poignees-boutons-pieds-meuble-portamanteaux-mur-porte","10":"pa_color-lilas-poignees-boutons-pieds-meuble-portamanteaux-mur-porte","11":"pa_tendencia-boutons-meuble-jeunesse-poignees-tiroir-chambre","13":"first","14":"instock","15":"taxable","16":"shipping-taxable","17":"purchasable","18":"product-type-variable","19":"has-default-attributes","20":"wvs-archive-product-wrapper"},"_links":{"self":[{"href":"https:\/\/www.pomoline.com\/fr\/wp-json\/wp\/v2\/product\/322653","targetHints":{"allow":["GET"]}}],"collection":[{"href":"https:\/\/www.pomoline.com\/fr\/wp-json\/wp\/v2\/product"}],"about":[{"href":"https:\/\/www.pomoline.com\/fr\/wp-json\/wp\/v2\/types\/product"}],"wp:featuredmedia":[{"embeddable":true,"href":"https:\/\/www.pomoline.com\/fr\/wp-json\/wp\/v2\/media\/409650"}],"wp:attachment":[{"href":"https:\/\/www.pomoline.com\/fr\/wp-json\/wp\/v2\/media?parent=322653"}],"wp:term":[{"taxonomy":"product_brand","embeddable":true,"href":"https:\/\/www.pomoline.com\/fr\/wp-json\/wp\/v2\/product_brand?post=322653"},{"taxonomy":"product_cat","embeddable":true,"href":"https:\/\/www.pomoline.com\/fr\/wp-json\/wp\/v2\/product_cat?post=322653"},{"taxonomy":"product_tag","embeddable":true,"href":"https:\/\/www.pomoline.com\/fr\/wp-json\/wp\/v2\/product_tag?post=322653"}],"curies":[{"name":"wp","href":"https:\/\/api.w.org\/{rel}","templated":true}]}}